{"id":6443,"date":"2024-11-15T16:01:42","date_gmt":"2024-11-15T15:01:42","guid":{"rendered":"https:\/\/www.bedandbreakfastdeschoppe.nl\/studio-1e-verdieping\/"},"modified":"2025-01-15T11:48:00","modified_gmt":"2025-01-15T10:48:00","slug":"studio-1e-verdieping","status":"publish","type":"page","link":"https:\/\/www.bedandbreakfastdeschoppe.nl\/de\/studio-1e-verdieping\/","title":{"rendered":"Studio (1e verdieping)"},"content":{"rendered":"<p>[et_pb_section fb_built=&#8220;1&#8243; fullwidth=&#8220;on&#8220; _builder_version=&#8220;3.22&#8243; background_color=&#8220;#1b393d&#8220;][et_pb_fullwidth_post_title meta=&#8220;off&#8220; featured_image=&#8220;off&#8220; _builder_version=&#8220;3.0.105&#8243;][\/et_pb_fullwidth_post_title][\/et_pb_section][et_pb_section fb_built=&#8220;1&#8243; _builder_version=&#8220;3.22&#8243; custom_padding=&#8220;30px|0px|0px|0px&#8220;][et_pb_row column_structure=&#8220;1_2,1_2&#8243; _builder_version=&#8220;4.4.8&#8243;][et_pb_column type=&#8220;1_2&#8243; _builder_version=&#8220;4.4.8&#8243;][et_pb_button button_url=&#8220;https:\/\/www.bedandbreakfastdeschoppe.nl\/de\/zimmer\/&#8220; button_text=&#8220;Zur\u00fcck zu Verf\u00fcgbarkeit&#8220; _builder_version=&#8220;4.4.8&#8243;][\/et_pb_button][et_pb_text _builder_version=&#8220;4.4.8&#8243;]<\/p>\n<p>Das Studio ist voll ausgestattet und hat eine Gesamtfl\u00e4che von 20m2. Das Zimmer verf\u00fcgt \u00fcber die folgenden Einrichtungen:<\/p>\n<ul>\n<li>2x 1 Personen-Boxspringbett<\/li>\n<li>Privates Badezimmer mit begehbarer Dusche, Toilette und Waschbecken<\/li>\n<li>Kaffee- und Teezubeh\u00f6r<\/li>\n<li>Wifi<\/li>\n<\/ul>\n<p>Enth\u00e4lt:<\/p>\n<ul>\n<li>Fr\u00fchst\u00fcck<\/li>\n<li>Bettw\u00e4sche und Handt\u00fccher<\/li>\n<li>Kurtaxe<\/li>\n<\/ul>\n<div>\u00a0<\/div>\n<div>\u00a0<\/div>\n<p>[\/et_pb_text][\/et_pb_column][et_pb_column type=&#8220;1_2&#8243; _builder_version=&#8220;4.4.8&#8243;][et_pb_gallery gallery_ids=&#8220;6352,6350,6354,6358,6362,6364,6366,6370,6374,6356,6368,6372,6360&#8243; fullwidth=&#8220;on&#8220; _builder_version=&#8220;4.4.8&#8243;][\/et_pb_gallery][\/et_pb_column][\/et_pb_row][et_pb_row _builder_version=&#8220;4.4.8&#8243;][et_pb_column type=&#8220;4_4&#8243; _builder_version=&#8220;4.4.8&#8243;][et_pb_code _builder_version=&#8220;4.4.8&#8243; hover_enabled=&#8220;0&#8243;]<\/p>\n<div id=\"TommyBookingSupport\"<!-- [et_pb_line_break_holder] -->    data-widget=&#8220;boeken&#8220;<!-- [et_pb_line_break_holder] -->    data-apikey=&#8220;a79a343aec5804950af7d4e848ce142cf01a4c92b836ff5ce0f70afdaebede5a&#8220;<!-- [et_pb_line_break_holder] -->    data-account=&#8220;deSchoppe&#8220;<!-- [et_pb_line_break_holder] -->    data-language=&#8217;de&#8216;<!-- [et_pb_line_break_holder] -->    data-country=&#8217;de&#8216;<!-- [et_pb_line_break_holder] -->    data-accommodatie=&#8217;71347&#8242;<!-- [et_pb_line_break_holder] -->    data-locatie=&#8217;2147524&#8242;<!-- [et_pb_line_break_holder] -->    data-verkoopkanaal=&#8217;25075&#8242;<!-- [et_pb_line_break_holder] -->    data-kalenderdatum=&#8217;2025-01-01&#8217;><!-- [et_pb_line_break_holder] --><\/div>\n<p><!-- [et_pb_line_break_holder] --><!-- [et_pb_line_break_holder] --><script src=\"https:\/\/api.tommybookingsupport.com\/widgets\/js\/widget.js\" type=\"application\/javascript\" language=\"javascript\"><\/script>[\/et_pb_code][\/et_pb_column][\/et_pb_row][\/et_pb_section][et_pb_section fb_built=&#8220;1&#8243; _builder_version=&#8220;3.22&#8243; background_color=&#8220;rgba(0,0,0,0.05)&#8220; background_image=&#8220;https:\/\/www.bedandbreakfastdeschoppe.nl\/wp-content\/uploads\/2018\/02\/contentachtergrond.jpg&#8220; custom_padding=&#8220;47px|0px|30px|0px&#8220; saved_tabs=&#8220;all&#8220;][et_pb_row column_structure=&#8220;1_3,1_3,1_3&#8243; _builder_version=&#8220;3.25&#8243; max_width=&#8220;1080px&#8220; custom_padding=&#8220;0px|0px|15px|0px&#8220;][et_pb_column type=&#8220;1_3&#8243; _builder_version=&#8220;3.25&#8243; custom_padding=&#8220;|||&#8220; custom_padding__hover=&#8220;|||&#8220;][et_pb_image src=&#8220;https:\/\/www.bedandbreakfastdeschoppe.nl\/wp-content\/uploads\/2018\/02\/logo.png&#8220; align_tablet=&#8220;center&#8220; align_phone=&#8220;&#8220; align_last_edited=&#8220;on|desktop&#8220; _builder_version=&#8220;3.23&#8243; always_center_on_mobile=&#8220;on&#8220;][\/et_pb_image][\/et_pb_column][et_pb_column type=&#8220;1_3&#8243; _builder_version=&#8220;3.25&#8243; custom_padding=&#8220;|||&#8220; custom_padding__hover=&#8220;|||&#8220;][et_pb_text _builder_version=&#8220;4.4.8&#8243;]<\/p>\n<p class=\"font_7\"><span class=\"color_13\">VISIT US<\/span><\/p>\n<p class=\"font_8\"><span class=\"color_13\">Zwilbroekseweg 7<\/span><\/p>\n<p class=\"font_8\"><span class=\"color_13\">7104BS Meddo<\/span><\/p>\n<p>KvK: 66974992<\/p>\n<p><a href=\"https:\/\/www.bedandbreakfastdeschoppe.nl\/wp-content\/uploads\/2024\/11\/Algemene-voorwaarden-BB-de-Schoppe-okt-2024.pdf\"><span style=\"text-decoration: underline;\">Bekijk onze algemene voorrwaarden<\/span><\/a><\/p>\n<p><span style=\"text-decoration: underline;\"><a href=\"https:\/\/www.desliepsteen.nl\/\" target=\"_blank\" rel=\"noopener noreferrer\">Bekijk ook onze Vakantiewoning website<\/a><\/span><\/p>\n<p>&nbsp;<\/p>\n<p>[\/et_pb_text][\/et_pb_column][et_pb_column type=&#8220;1_3&#8243; _builder_version=&#8220;3.25&#8243; custom_padding=&#8220;|||&#8220; custom_padding__hover=&#8220;|||&#8220;][et_pb_text _builder_version=&#8220;3.27.4&#8243;]<\/p>\n<p>STAY CONNECTED<\/p>\n<p>[\/et_pb_text][et_pb_social_media_follow _builder_version=&#8220;3.0.105&#8243;][et_pb_social_media_follow_network social_network=&#8220;facebook&#8220; url=&#8220;https:\/\/www.facebook.com\/bbdeschoppe\/&#8220; _builder_version=&#8220;3.0.105&#8243; background_color=&#8220;#3b5998&#8243; background_image=&#8220;https:\/\/www.bedandbreakfastdeschoppe.nl\/wp-content\/uploads\/2018\/03\/16831169_413628485638784_1128510055728214913_n.jpg&#8220; follow_button=&#8220;off&#8220; url_new_window=&#8220;on&#8220;]facebook[\/et_pb_social_media_follow_network][et_pb_social_media_follow_network social_network=&#8220;instagram&#8220; url=&#8220;https:\/\/www.instagram.com\/bbdeschoppe\/&#8220; _builder_version=&#8220;3.0.105&#8243; background_color=&#8220;#6bbc23&#8243; use_background_color_gradient=&#8220;on&#8220; background_image=&#8220;https:\/\/www.bedandbreakfastdeschoppe.nl\/wp-content\/uploads\/2018\/03\/16831169_413628485638784_1128510055728214913_n.jpg&#8220; follow_button=&#8220;off&#8220; url_new_window=&#8220;on&#8220;]instagram[\/et_pb_social_media_follow_network][\/et_pb_social_media_follow][\/et_pb_column][\/et_pb_row][\/et_pb_section]<\/p>\n","protected":false},"excerpt":{"rendered":"<p>Das Studio ist voll ausgestattet und hat eine Gesamtfl\u00e4che von 20m2. Das Zimmer verf\u00fcgt \u00fcber die folgenden Einrichtungen: 2x 1 Personen-Boxspringbett Privates Badezimmer mit begehbarer Dusche, Toilette und Waschbecken Kaffee- und Teezubeh\u00f6r Wifi Enth\u00e4lt: Fr\u00fchst\u00fcck Bettw\u00e4sche und Handt\u00fccher Kurtaxe \u00a0 \u00a0VISIT US Zwilbroekseweg 7 7104BS Meddo KvK: 66974992 Bekijk onze algemene voorrwaarden Bekijk ook onze [&hellip;]<\/p>\n","protected":false},"author":1,"featured_media":0,"parent":0,"menu_order":0,"comment_status":"closed","ping_status":"closed","template":"","meta":{"_acf_changed":false,"_et_pb_use_builder":"on","_et_pb_old_content":"","_et_gb_content_width":"","inline_featured_image":false,"footnotes":""},"class_list":["post-6443","page","type-page","status-publish","hentry"],"acf":[],"yoast_head":"<!-- This site is optimized with the Yoast SEO plugin v27.3 - https:\/\/yoast.com\/product\/yoast-seo-wordpress\/ -->\n<title>Studio (1e verdieping) - Bed &amp; Breakfast de Schoppe<\/title>\n<meta name=\"robots\" content=\"index, follow, max-snippet:-1, max-image-preview:large, max-video-preview:-1\" \/>\n<link rel=\"canonical\" href=\"https:\/\/www.bedandbreakfastdeschoppe.nl\/de\/studio-1e-verdieping\/\" \/>\n<meta property=\"og:locale\" content=\"de_DE\" \/>\n<meta property=\"og:type\" content=\"article\" \/>\n<meta property=\"og:title\" content=\"Studio (1e verdieping) - Bed &amp; Breakfast de Schoppe\" \/>\n<meta property=\"og:description\" content=\"Das Studio ist voll ausgestattet und hat eine Gesamtfl\u00e4che von 20m2. Das Zimmer verf\u00fcgt \u00fcber die folgenden Einrichtungen: 2x 1 Personen-Boxspringbett Privates Badezimmer mit begehbarer Dusche, Toilette und Waschbecken Kaffee- und Teezubeh\u00f6r Wifi Enth\u00e4lt: Fr\u00fchst\u00fcck Bettw\u00e4sche und Handt\u00fccher Kurtaxe \u00a0 \u00a0VISIT US Zwilbroekseweg 7 7104BS Meddo KvK: 66974992 Bekijk onze algemene voorrwaarden Bekijk ook onze [&hellip;]\" \/>\n<meta property=\"og:url\" content=\"https:\/\/www.bedandbreakfastdeschoppe.nl\/de\/studio-1e-verdieping\/\" \/>\n<meta property=\"og:site_name\" content=\"Bed &amp; Breakfast de Schoppe\" \/>\n<meta property=\"article:modified_time\" content=\"2025-01-15T10:48:00+00:00\" \/>\n<meta name=\"twitter:card\" content=\"summary_large_image\" \/>\n<meta name=\"twitter:label1\" content=\"Gesch\u00e4tzte Lesezeit\" \/>\n\t<meta name=\"twitter:data1\" content=\"4\u00a0Minuten\" \/>\n<script type=\"application\/ld+json\" class=\"yoast-schema-graph\">{\"@context\":\"https:\\\/\\\/schema.org\",\"@graph\":[{\"@type\":\"WebPage\",\"@id\":\"https:\\\/\\\/www.bedandbreakfastdeschoppe.nl\\\/de\\\/studio-1e-verdieping\\\/\",\"url\":\"https:\\\/\\\/www.bedandbreakfastdeschoppe.nl\\\/de\\\/studio-1e-verdieping\\\/\",\"name\":\"Studio (1e verdieping) - Bed &amp; Breakfast de Schoppe\",\"isPartOf\":{\"@id\":\"https:\\\/\\\/www.bedandbreakfastdeschoppe.nl\\\/#website\"},\"datePublished\":\"2024-11-15T15:01:42+00:00\",\"dateModified\":\"2025-01-15T10:48:00+00:00\",\"breadcrumb\":{\"@id\":\"https:\\\/\\\/www.bedandbreakfastdeschoppe.nl\\\/de\\\/studio-1e-verdieping\\\/#breadcrumb\"},\"inLanguage\":\"de\",\"potentialAction\":[{\"@type\":\"ReadAction\",\"target\":[\"https:\\\/\\\/www.bedandbreakfastdeschoppe.nl\\\/de\\\/studio-1e-verdieping\\\/\"]}]},{\"@type\":\"BreadcrumbList\",\"@id\":\"https:\\\/\\\/www.bedandbreakfastdeschoppe.nl\\\/de\\\/studio-1e-verdieping\\\/#breadcrumb\",\"itemListElement\":[{\"@type\":\"ListItem\",\"position\":1,\"name\":\"Home\",\"item\":\"https:\\\/\\\/www.bedandbreakfastdeschoppe.nl\\\/de\\\/\"},{\"@type\":\"ListItem\",\"position\":2,\"name\":\"Studio (1e verdieping)\"}]},{\"@type\":\"WebSite\",\"@id\":\"https:\\\/\\\/www.bedandbreakfastdeschoppe.nl\\\/#website\",\"url\":\"https:\\\/\\\/www.bedandbreakfastdeschoppe.nl\\\/\",\"name\":\"Bed &amp; Breakfast de Schoppe\",\"description\":\"\",\"potentialAction\":[{\"@type\":\"SearchAction\",\"target\":{\"@type\":\"EntryPoint\",\"urlTemplate\":\"https:\\\/\\\/www.bedandbreakfastdeschoppe.nl\\\/?s={search_term_string}\"},\"query-input\":{\"@type\":\"PropertyValueSpecification\",\"valueRequired\":true,\"valueName\":\"search_term_string\"}}],\"inLanguage\":\"de\"}]}<\/script>\n<!-- \/ Yoast SEO plugin. -->","yoast_head_json":{"title":"Studio (1e verdieping) - Bed &amp; Breakfast de Schoppe","robots":{"index":"index","follow":"follow","max-snippet":"max-snippet:-1","max-image-preview":"max-image-preview:large","max-video-preview":"max-video-preview:-1"},"canonical":"https:\/\/www.bedandbreakfastdeschoppe.nl\/de\/studio-1e-verdieping\/","og_locale":"de_DE","og_type":"article","og_title":"Studio (1e verdieping) - Bed &amp; Breakfast de Schoppe","og_description":"Das Studio ist voll ausgestattet und hat eine Gesamtfl\u00e4che von 20m2. Das Zimmer verf\u00fcgt \u00fcber die folgenden Einrichtungen: 2x 1 Personen-Boxspringbett Privates Badezimmer mit begehbarer Dusche, Toilette und Waschbecken Kaffee- und Teezubeh\u00f6r Wifi Enth\u00e4lt: Fr\u00fchst\u00fcck Bettw\u00e4sche und Handt\u00fccher Kurtaxe \u00a0 \u00a0VISIT US Zwilbroekseweg 7 7104BS Meddo KvK: 66974992 Bekijk onze algemene voorrwaarden Bekijk ook onze [&hellip;]","og_url":"https:\/\/www.bedandbreakfastdeschoppe.nl\/de\/studio-1e-verdieping\/","og_site_name":"Bed &amp; Breakfast de Schoppe","article_modified_time":"2025-01-15T10:48:00+00:00","twitter_card":"summary_large_image","twitter_misc":{"Gesch\u00e4tzte Lesezeit":"4\u00a0Minuten"},"schema":{"@context":"https:\/\/schema.org","@graph":[{"@type":"WebPage","@id":"https:\/\/www.bedandbreakfastdeschoppe.nl\/de\/studio-1e-verdieping\/","url":"https:\/\/www.bedandbreakfastdeschoppe.nl\/de\/studio-1e-verdieping\/","name":"Studio (1e verdieping) - Bed &amp; Breakfast de Schoppe","isPartOf":{"@id":"https:\/\/www.bedandbreakfastdeschoppe.nl\/#website"},"datePublished":"2024-11-15T15:01:42+00:00","dateModified":"2025-01-15T10:48:00+00:00","breadcrumb":{"@id":"https:\/\/www.bedandbreakfastdeschoppe.nl\/de\/studio-1e-verdieping\/#breadcrumb"},"inLanguage":"de","potentialAction":[{"@type":"ReadAction","target":["https:\/\/www.bedandbreakfastdeschoppe.nl\/de\/studio-1e-verdieping\/"]}]},{"@type":"BreadcrumbList","@id":"https:\/\/www.bedandbreakfastdeschoppe.nl\/de\/studio-1e-verdieping\/#breadcrumb","itemListElement":[{"@type":"ListItem","position":1,"name":"Home","item":"https:\/\/www.bedandbreakfastdeschoppe.nl\/de\/"},{"@type":"ListItem","position":2,"name":"Studio (1e verdieping)"}]},{"@type":"WebSite","@id":"https:\/\/www.bedandbreakfastdeschoppe.nl\/#website","url":"https:\/\/www.bedandbreakfastdeschoppe.nl\/","name":"Bed &amp; Breakfast de Schoppe","description":"","potentialAction":[{"@type":"SearchAction","target":{"@type":"EntryPoint","urlTemplate":"https:\/\/www.bedandbreakfastdeschoppe.nl\/?s={search_term_string}"},"query-input":{"@type":"PropertyValueSpecification","valueRequired":true,"valueName":"search_term_string"}}],"inLanguage":"de"}]}},"_links":{"self":[{"href":"https:\/\/www.bedandbreakfastdeschoppe.nl\/de\/wp-json\/wp\/v2\/pages\/6443","targetHints":{"allow":["GET"]}}],"collection":[{"href":"https:\/\/www.bedandbreakfastdeschoppe.nl\/de\/wp-json\/wp\/v2\/pages"}],"about":[{"href":"https:\/\/www.bedandbreakfastdeschoppe.nl\/de\/wp-json\/wp\/v2\/types\/page"}],"author":[{"embeddable":true,"href":"https:\/\/www.bedandbreakfastdeschoppe.nl\/de\/wp-json\/wp\/v2\/users\/1"}],"replies":[{"embeddable":true,"href":"https:\/\/www.bedandbreakfastdeschoppe.nl\/de\/wp-json\/wp\/v2\/comments?post=6443"}],"version-history":[{"count":7,"href":"https:\/\/www.bedandbreakfastdeschoppe.nl\/de\/wp-json\/wp\/v2\/pages\/6443\/revisions"}],"predecessor-version":[{"id":6855,"href":"https:\/\/www.bedandbreakfastdeschoppe.nl\/de\/wp-json\/wp\/v2\/pages\/6443\/revisions\/6855"}],"wp:attachment":[{"href":"https:\/\/www.bedandbreakfastdeschoppe.nl\/de\/wp-json\/wp\/v2\/media?parent=6443"}],"curies":[{"name":"wp","href":"https:\/\/api.w.org\/{rel}","templated":true}]}}