{"id":6440,"date":"2024-11-15T16:00:55","date_gmt":"2024-11-15T15:00:55","guid":{"rendered":"https:\/\/www.bedandbreakfastdeschoppe.nl\/het-kippenhok\/"},"modified":"2025-01-15T11:47:47","modified_gmt":"2025-01-15T10:47:47","slug":"het-kippenhok","status":"publish","type":"page","link":"https:\/\/www.bedandbreakfastdeschoppe.nl\/de\/het-kippenhok\/","title":{"rendered":"Het Kippenhok"},"content":{"rendered":"<p>[et_pb_section fb_built=&#8220;1&#8243; fullwidth=&#8220;on&#8220; _builder_version=&#8220;3.22&#8243; background_color=&#8220;#1b393d&#8220;][et_pb_fullwidth_post_title meta=&#8220;off&#8220; featured_image=&#8220;off&#8220; _builder_version=&#8220;3.0.105&#8243;][\/et_pb_fullwidth_post_title][\/et_pb_section][et_pb_section fb_built=&#8220;1&#8243; _builder_version=&#8220;3.22&#8243; custom_padding=&#8220;30px|0px|0px|0px&#8220;][et_pb_row column_structure=&#8220;1_2,1_2&#8243; _builder_version=&#8220;4.4.8&#8243;][et_pb_column type=&#8220;1_2&#8243; _builder_version=&#8220;4.4.8&#8243;][et_pb_button button_url=&#8220;https:\/\/www.bedandbreakfastdeschoppe.nl\/de\/zimmer\/&#8220; button_text=&#8220;Zur\u00fcck zu Verf\u00fcgbarkeit&#8220; _builder_version=&#8220;4.4.8&#8243;][\/et_pb_button][et_pb_text _builder_version=&#8220;4.4.8&#8243;]<\/p>\n<p>Het Kippenhok ist eine luxuri\u00f6se, freistehende Wanderh\u00fctte, die auch als Ferienhaus genutzt werden kann.<br \/>Das Geb\u00e4ude hat eine Fl\u00e4che von 30 m2, wurde komplett im Stil der typischen Achterhoeker H\u00fchnerst\u00e4lle umgebaut und ist mit folgenden Einrichtungen ausgestattet:<\/p>\n<ul>\n<li>2&#215;1 Doppel-Boxspringbett, ausgestattet mit Bettw\u00e4sche.<\/li>\n<li>Badezimmer mit begehbarer Dusche, Toilette, Waschbecken und Haartrockner.<\/li>\n<li>Heizung durch Pelletheizung mit Thermostat.<\/li>\n<li>Wifi-Zugang.<\/li>\n<li>Wohnzimmer mit Sitzgelegenheit, 2 Sesseln, Kleiderschrank und Esstisch mit 4 St\u00fchlen.<\/li>\n<\/ul>\n<p>K\u00fcche ausgestattet mit<\/p>\n<ul>\n<li>K\u00fchlschrank mit Gefrierfach<\/li>\n<li>Mikrowelle\/Backofen<\/li>\n<li>2-Platten-Keramik-Kochfeld<\/li>\n<li>Dunstabzugshaube<\/li>\n<li>Ausreichend K\u00fcchenutensilien, Besteck, Tassen, Teller, Gl\u00e4ser, etc.<\/li>\n<li>Nespresso-Maschine, Wasserkocher<\/li>\n<\/ul>\n<p>Und au\u00dferdem:<\/p>\n<ul>\n<li>2 gro\u00dfe Terrassen mit Gartenm\u00f6beln und viel Privatsph\u00e4re<\/li>\n<li>Ladestation f\u00fcr Fahrr\u00e4der<\/li>\n<li>Ger\u00e4umiger Gemeinschaftsparkplatz f\u00fcr Auto<\/li>\n<li>* Fr\u00fchst\u00fccksservice, auf Wunsch<\/li>\n<li>* Badet\u00fccher, auf Wunsch<\/li>\n<\/ul>\n<p>Allgemeines:<\/p>\n<ul>\n<li>Es ist nicht erlaubt und verboten, in der Unterkunft zu gourmetten, zu BBQ&#8217;ing, zu rauchen und dergleichen.<\/li>\n<li>Sie betreten die Unterkunft sauber und verlassen sie sauber (Besen).<\/li>\n<li>Die Endreinigung ist inbegriffen und wird von uns durchgef\u00fchrt.<\/li>\n<\/ul>\n<div>\u00a0<\/div>\n<p>[\/et_pb_text][\/et_pb_column][et_pb_column type=&#8220;1_2&#8243; _builder_version=&#8220;4.4.8&#8243;][et_pb_gallery gallery_ids=&#8220;6387,6407,6381,6405,6399,6409,6403,6401,6397,6395,6393,6389,6385,6383,6374&#8243; fullwidth=&#8220;on&#8220; _builder_version=&#8220;4.4.8&#8243;][\/et_pb_gallery][\/et_pb_column][\/et_pb_row][et_pb_row _builder_version=&#8220;4.4.8&#8243;][et_pb_column type=&#8220;4_4&#8243; _builder_version=&#8220;4.4.8&#8243;][et_pb_code _builder_version=&#8220;4.4.8&#8243; hover_enabled=&#8220;0&#8243;]<\/p>\n<div id=\"TommyBookingSupport\"<!-- [et_pb_line_break_holder] -->    data-widget=&#8220;boeken&#8220;<!-- [et_pb_line_break_holder] -->    data-apikey=&#8220;a79a343aec5804950af7d4e848ce142cf01a4c92b836ff5ce0f70afdaebede5a&#8220;<!-- [et_pb_line_break_holder] -->    data-account=&#8220;deSchoppe&#8220;<!-- [et_pb_line_break_holder] -->    data-language=&#8217;de&#8216;<!-- [et_pb_line_break_holder] -->    data-country=&#8217;de&#8216;<!-- [et_pb_line_break_holder] -->    data-accommodatie=&#8217;71350&#8242;<!-- [et_pb_line_break_holder] -->    data-locatie=&#8217;2147527&#8242;<!-- [et_pb_line_break_holder] -->    data-verkoopkanaal=&#8217;25075&#8242;<!-- [et_pb_line_break_holder] -->    data-kalenderdatum=&#8217;2025-01-01&#8217;><!-- [et_pb_line_break_holder] --><\/div>\n<p><!-- [et_pb_line_break_holder] --><!-- [et_pb_line_break_holder] --><script src=\"https:\/\/api.tommybookingsupport.com\/widgets\/js\/widget.js\" type=\"application\/javascript\" language=\"javascript\"><\/script>[\/et_pb_code][\/et_pb_column][\/et_pb_row][\/et_pb_section][et_pb_section fb_built=&#8220;1&#8243; _builder_version=&#8220;3.22&#8243; background_color=&#8220;rgba(0,0,0,0.05)&#8220; background_image=&#8220;https:\/\/www.bedandbreakfastdeschoppe.nl\/wp-content\/uploads\/2018\/02\/contentachtergrond.jpg&#8220; custom_padding=&#8220;47px|0px|30px|0px&#8220; saved_tabs=&#8220;all&#8220;][et_pb_row column_structure=&#8220;1_3,1_3,1_3&#8243; _builder_version=&#8220;3.25&#8243; max_width=&#8220;1080px&#8220; custom_padding=&#8220;0px|0px|15px|0px&#8220;][et_pb_column type=&#8220;1_3&#8243; _builder_version=&#8220;3.25&#8243; custom_padding=&#8220;|||&#8220; custom_padding__hover=&#8220;|||&#8220;][et_pb_image src=&#8220;https:\/\/www.bedandbreakfastdeschoppe.nl\/wp-content\/uploads\/2018\/02\/logo.png&#8220; align_tablet=&#8220;center&#8220; align_phone=&#8220;&#8220; align_last_edited=&#8220;on|desktop&#8220; _builder_version=&#8220;3.23&#8243; always_center_on_mobile=&#8220;on&#8220;][\/et_pb_image][\/et_pb_column][et_pb_column type=&#8220;1_3&#8243; _builder_version=&#8220;3.25&#8243; custom_padding=&#8220;|||&#8220; custom_padding__hover=&#8220;|||&#8220;][et_pb_text _builder_version=&#8220;4.4.8&#8243;]<\/p>\n<p class=\"font_7\"><span class=\"color_13\">VISIT US<\/span><\/p>\n<p class=\"font_8\"><span class=\"color_13\">Zwilbroekseweg 7<\/span><\/p>\n<p class=\"font_8\"><span class=\"color_13\">7104BS Meddo<\/span><\/p>\n<p>KvK: 66974992<\/p>\n<p><a href=\"https:\/\/www.bedandbreakfastdeschoppe.nl\/wp-content\/uploads\/2024\/11\/Algemene-voorwaarden-BB-de-Schoppe-okt-2024.pdf\"><span style=\"text-decoration: underline;\">Bekijk onze algemene voorrwaarden<\/span><\/a><\/p>\n<p><span style=\"text-decoration: underline;\"><a href=\"https:\/\/www.desliepsteen.nl\/\" target=\"_blank\" rel=\"noopener noreferrer\">Bekijk ook onze Vakantiewoning website<\/a><\/span><\/p>\n<p>&nbsp;<\/p>\n<p>[\/et_pb_text][\/et_pb_column][et_pb_column type=&#8220;1_3&#8243; _builder_version=&#8220;3.25&#8243; custom_padding=&#8220;|||&#8220; custom_padding__hover=&#8220;|||&#8220;][et_pb_text _builder_version=&#8220;3.27.4&#8243;]<\/p>\n<p>STAY CONNECTED<\/p>\n<p>[\/et_pb_text][et_pb_social_media_follow _builder_version=&#8220;3.0.105&#8243;][et_pb_social_media_follow_network social_network=&#8220;facebook&#8220; url=&#8220;https:\/\/www.facebook.com\/bbdeschoppe\/&#8220; _builder_version=&#8220;3.0.105&#8243; background_color=&#8220;#3b5998&#8243; background_image=&#8220;https:\/\/www.bedandbreakfastdeschoppe.nl\/wp-content\/uploads\/2018\/03\/16831169_413628485638784_1128510055728214913_n.jpg&#8220; follow_button=&#8220;off&#8220; url_new_window=&#8220;on&#8220;]facebook[\/et_pb_social_media_follow_network][et_pb_social_media_follow_network social_network=&#8220;instagram&#8220; url=&#8220;https:\/\/www.instagram.com\/bbdeschoppe\/&#8220; _builder_version=&#8220;3.0.105&#8243; background_color=&#8220;#6bbc23&#8243; use_background_color_gradient=&#8220;on&#8220; background_image=&#8220;https:\/\/www.bedandbreakfastdeschoppe.nl\/wp-content\/uploads\/2018\/03\/16831169_413628485638784_1128510055728214913_n.jpg&#8220; follow_button=&#8220;off&#8220; url_new_window=&#8220;on&#8220;]instagram[\/et_pb_social_media_follow_network][\/et_pb_social_media_follow][\/et_pb_column][\/et_pb_row][\/et_pb_section]<\/p>\n","protected":false},"excerpt":{"rendered":"<p>Het Kippenhok ist eine luxuri\u00f6se, freistehende Wanderh\u00fctte, die auch als Ferienhaus genutzt werden kann.Das Geb\u00e4ude hat eine Fl\u00e4che von 30 m2, wurde komplett im Stil der typischen Achterhoeker H\u00fchnerst\u00e4lle umgebaut und ist mit folgenden Einrichtungen ausgestattet: 2&#215;1 Doppel-Boxspringbett, ausgestattet mit Bettw\u00e4sche. Badezimmer mit begehbarer Dusche, Toilette, Waschbecken und Haartrockner. Heizung durch Pelletheizung mit Thermostat. Wifi-Zugang. [&hellip;]<\/p>\n","protected":false},"author":1,"featured_media":0,"parent":0,"menu_order":0,"comment_status":"closed","ping_status":"closed","template":"","meta":{"_acf_changed":false,"_et_pb_use_builder":"on","_et_pb_old_content":"","_et_gb_content_width":"","inline_featured_image":false,"footnotes":""},"class_list":["post-6440","page","type-page","status-publish","hentry"],"acf":[],"yoast_head":"<!-- This site is optimized with the Yoast SEO plugin v27.3 - https:\/\/yoast.com\/product\/yoast-seo-wordpress\/ -->\n<title>Het Kippenhok - Bed &amp; Breakfast de Schoppe<\/title>\n<meta name=\"robots\" content=\"index, follow, max-snippet:-1, max-image-preview:large, max-video-preview:-1\" \/>\n<link rel=\"canonical\" href=\"https:\/\/www.bedandbreakfastdeschoppe.nl\/de\/het-kippenhok\/\" \/>\n<meta property=\"og:locale\" content=\"de_DE\" \/>\n<meta property=\"og:type\" content=\"article\" \/>\n<meta property=\"og:title\" content=\"Het Kippenhok - Bed &amp; Breakfast de Schoppe\" \/>\n<meta property=\"og:description\" content=\"Het Kippenhok ist eine luxuri\u00f6se, freistehende Wanderh\u00fctte, die auch als Ferienhaus genutzt werden kann.Das Geb\u00e4ude hat eine Fl\u00e4che von 30 m2, wurde komplett im Stil der typischen Achterhoeker H\u00fchnerst\u00e4lle umgebaut und ist mit folgenden Einrichtungen ausgestattet: 2x1 Doppel-Boxspringbett, ausgestattet mit Bettw\u00e4sche. Badezimmer mit begehbarer Dusche, Toilette, Waschbecken und Haartrockner. Heizung durch Pelletheizung mit Thermostat. Wifi-Zugang. [&hellip;]\" \/>\n<meta property=\"og:url\" content=\"https:\/\/www.bedandbreakfastdeschoppe.nl\/de\/het-kippenhok\/\" \/>\n<meta property=\"og:site_name\" content=\"Bed &amp; Breakfast de Schoppe\" \/>\n<meta property=\"article:modified_time\" content=\"2025-01-15T10:47:47+00:00\" \/>\n<meta name=\"twitter:card\" content=\"summary_large_image\" \/>\n<meta name=\"twitter:label1\" content=\"Gesch\u00e4tzte Lesezeit\" \/>\n\t<meta name=\"twitter:data1\" content=\"5\u00a0Minuten\" \/>\n<script type=\"application\/ld+json\" class=\"yoast-schema-graph\">{\"@context\":\"https:\\\/\\\/schema.org\",\"@graph\":[{\"@type\":\"WebPage\",\"@id\":\"https:\\\/\\\/www.bedandbreakfastdeschoppe.nl\\\/de\\\/het-kippenhok\\\/\",\"url\":\"https:\\\/\\\/www.bedandbreakfastdeschoppe.nl\\\/de\\\/het-kippenhok\\\/\",\"name\":\"Het Kippenhok - Bed &amp; Breakfast de Schoppe\",\"isPartOf\":{\"@id\":\"https:\\\/\\\/www.bedandbreakfastdeschoppe.nl\\\/#website\"},\"datePublished\":\"2024-11-15T15:00:55+00:00\",\"dateModified\":\"2025-01-15T10:47:47+00:00\",\"breadcrumb\":{\"@id\":\"https:\\\/\\\/www.bedandbreakfastdeschoppe.nl\\\/de\\\/het-kippenhok\\\/#breadcrumb\"},\"inLanguage\":\"de\",\"potentialAction\":[{\"@type\":\"ReadAction\",\"target\":[\"https:\\\/\\\/www.bedandbreakfastdeschoppe.nl\\\/de\\\/het-kippenhok\\\/\"]}]},{\"@type\":\"BreadcrumbList\",\"@id\":\"https:\\\/\\\/www.bedandbreakfastdeschoppe.nl\\\/de\\\/het-kippenhok\\\/#breadcrumb\",\"itemListElement\":[{\"@type\":\"ListItem\",\"position\":1,\"name\":\"Home\",\"item\":\"https:\\\/\\\/www.bedandbreakfastdeschoppe.nl\\\/de\\\/\"},{\"@type\":\"ListItem\",\"position\":2,\"name\":\"Het Kippenhok\"}]},{\"@type\":\"WebSite\",\"@id\":\"https:\\\/\\\/www.bedandbreakfastdeschoppe.nl\\\/#website\",\"url\":\"https:\\\/\\\/www.bedandbreakfastdeschoppe.nl\\\/\",\"name\":\"Bed &amp; Breakfast de Schoppe\",\"description\":\"\",\"potentialAction\":[{\"@type\":\"SearchAction\",\"target\":{\"@type\":\"EntryPoint\",\"urlTemplate\":\"https:\\\/\\\/www.bedandbreakfastdeschoppe.nl\\\/?s={search_term_string}\"},\"query-input\":{\"@type\":\"PropertyValueSpecification\",\"valueRequired\":true,\"valueName\":\"search_term_string\"}}],\"inLanguage\":\"de\"}]}<\/script>\n<!-- \/ Yoast SEO plugin. -->","yoast_head_json":{"title":"Het Kippenhok - Bed &amp; Breakfast de Schoppe","robots":{"index":"index","follow":"follow","max-snippet":"max-snippet:-1","max-image-preview":"max-image-preview:large","max-video-preview":"max-video-preview:-1"},"canonical":"https:\/\/www.bedandbreakfastdeschoppe.nl\/de\/het-kippenhok\/","og_locale":"de_DE","og_type":"article","og_title":"Het Kippenhok - Bed &amp; Breakfast de Schoppe","og_description":"Het Kippenhok ist eine luxuri\u00f6se, freistehende Wanderh\u00fctte, die auch als Ferienhaus genutzt werden kann.Das Geb\u00e4ude hat eine Fl\u00e4che von 30 m2, wurde komplett im Stil der typischen Achterhoeker H\u00fchnerst\u00e4lle umgebaut und ist mit folgenden Einrichtungen ausgestattet: 2x1 Doppel-Boxspringbett, ausgestattet mit Bettw\u00e4sche. Badezimmer mit begehbarer Dusche, Toilette, Waschbecken und Haartrockner. Heizung durch Pelletheizung mit Thermostat. Wifi-Zugang. [&hellip;]","og_url":"https:\/\/www.bedandbreakfastdeschoppe.nl\/de\/het-kippenhok\/","og_site_name":"Bed &amp; Breakfast de Schoppe","article_modified_time":"2025-01-15T10:47:47+00:00","twitter_card":"summary_large_image","twitter_misc":{"Gesch\u00e4tzte Lesezeit":"5\u00a0Minuten"},"schema":{"@context":"https:\/\/schema.org","@graph":[{"@type":"WebPage","@id":"https:\/\/www.bedandbreakfastdeschoppe.nl\/de\/het-kippenhok\/","url":"https:\/\/www.bedandbreakfastdeschoppe.nl\/de\/het-kippenhok\/","name":"Het Kippenhok - Bed &amp; Breakfast de Schoppe","isPartOf":{"@id":"https:\/\/www.bedandbreakfastdeschoppe.nl\/#website"},"datePublished":"2024-11-15T15:00:55+00:00","dateModified":"2025-01-15T10:47:47+00:00","breadcrumb":{"@id":"https:\/\/www.bedandbreakfastdeschoppe.nl\/de\/het-kippenhok\/#breadcrumb"},"inLanguage":"de","potentialAction":[{"@type":"ReadAction","target":["https:\/\/www.bedandbreakfastdeschoppe.nl\/de\/het-kippenhok\/"]}]},{"@type":"BreadcrumbList","@id":"https:\/\/www.bedandbreakfastdeschoppe.nl\/de\/het-kippenhok\/#breadcrumb","itemListElement":[{"@type":"ListItem","position":1,"name":"Home","item":"https:\/\/www.bedandbreakfastdeschoppe.nl\/de\/"},{"@type":"ListItem","position":2,"name":"Het Kippenhok"}]},{"@type":"WebSite","@id":"https:\/\/www.bedandbreakfastdeschoppe.nl\/#website","url":"https:\/\/www.bedandbreakfastdeschoppe.nl\/","name":"Bed &amp; Breakfast de Schoppe","description":"","potentialAction":[{"@type":"SearchAction","target":{"@type":"EntryPoint","urlTemplate":"https:\/\/www.bedandbreakfastdeschoppe.nl\/?s={search_term_string}"},"query-input":{"@type":"PropertyValueSpecification","valueRequired":true,"valueName":"search_term_string"}}],"inLanguage":"de"}]}},"_links":{"self":[{"href":"https:\/\/www.bedandbreakfastdeschoppe.nl\/de\/wp-json\/wp\/v2\/pages\/6440","targetHints":{"allow":["GET"]}}],"collection":[{"href":"https:\/\/www.bedandbreakfastdeschoppe.nl\/de\/wp-json\/wp\/v2\/pages"}],"about":[{"href":"https:\/\/www.bedandbreakfastdeschoppe.nl\/de\/wp-json\/wp\/v2\/types\/page"}],"author":[{"embeddable":true,"href":"https:\/\/www.bedandbreakfastdeschoppe.nl\/de\/wp-json\/wp\/v2\/users\/1"}],"replies":[{"embeddable":true,"href":"https:\/\/www.bedandbreakfastdeschoppe.nl\/de\/wp-json\/wp\/v2\/comments?post=6440"}],"version-history":[{"count":6,"href":"https:\/\/www.bedandbreakfastdeschoppe.nl\/de\/wp-json\/wp\/v2\/pages\/6440\/revisions"}],"predecessor-version":[{"id":6850,"href":"https:\/\/www.bedandbreakfastdeschoppe.nl\/de\/wp-json\/wp\/v2\/pages\/6440\/revisions\/6850"}],"wp:attachment":[{"href":"https:\/\/www.bedandbreakfastdeschoppe.nl\/de\/wp-json\/wp\/v2\/media?parent=6440"}],"curies":[{"name":"wp","href":"https:\/\/api.w.org\/{rel}","templated":true}]}}