{"id":6425,"date":"2024-11-15T15:42:33","date_gmt":"2024-11-15T14:42:33","guid":{"rendered":"https:\/\/www.bedandbreakfastdeschoppe.nl\/boeken-in-2025\/"},"modified":"2025-01-07T08:30:18","modified_gmt":"2025-01-07T07:30:18","slug":"zimmer","status":"publish","type":"page","link":"https:\/\/www.bedandbreakfastdeschoppe.nl\/de\/zimmer\/","title":{"rendered":"Zimmer"},"content":{"rendered":"<p>[et_pb_section fb_built=&#8220;1&#8243; fullwidth=&#8220;on&#8220; _builder_version=&#8220;3.22&#8243; background_color=&#8220;#1b393d&#8220;][et_pb_fullwidth_post_title meta=&#8220;off&#8220; featured_image=&#8220;off&#8220; _builder_version=&#8220;3.0.105&#8243;][\/et_pb_fullwidth_post_title][\/et_pb_section][et_pb_section fb_built=&#8220;1&#8243; _builder_version=&#8220;3.22&#8243; custom_padding=&#8220;30px|0px|0px|0px&#8220;][et_pb_row column_structure=&#8220;1_2,1_2&#8243; _builder_version=&#8220;4.4.8&#8243;][et_pb_column type=&#8220;1_2&#8243; _builder_version=&#8220;4.4.8&#8243;][et_pb_text _builder_version=&#8220;4.4.8&#8243; hover_enabled=&#8220;0&#8243;]<\/p>\n<h2>Zimmer &#8211; Gebint IIII<\/h2>\n<div class=\"widget-123boeken-description\">Gebint llll ist voll ausgestattet und hat eine Gesamtfl\u00e4che von 17m2. Das Zimmer verf\u00fcgt \u00fcber die folgenden Einrichtungen: 2 x 1 Person boxspring, Private Badezimmer mit begehbarer Dusche, WC und Waschbecken, Kaffee- und Teezubeh\u00f6r&#8230;<\/div>\n<div>\u00a0<\/div>\n<div><img loading=\"lazy\" decoding=\"async\" class=\"wp-image-6211 alignnone size-full\" src=\"https:\/\/www.bedandbreakfastdeschoppe.nl\/wp-content\/uploads\/2024\/11\/Gebint-4.jpg\" alt=\"\" width=\"800\" height=\"600\" srcset=\"https:\/\/www.bedandbreakfastdeschoppe.nl\/wp-content\/uploads\/2024\/11\/Gebint-4.jpg 800w, https:\/\/www.bedandbreakfastdeschoppe.nl\/wp-content\/uploads\/2024\/11\/Gebint-4-480x360.jpg 480w\" sizes=\"(min-width: 0px) and (max-width: 480px) 480px, (min-width: 481px) 800px, 100vw\" \/><\/div>\n<p>[\/et_pb_text][et_pb_button button_url=&#8220;\/de\/kamer-gebint-iiii\/&#8220; button_text=&#8220;Verf\u00fcgbarkeit \u00fcberpr\u00fcfen&#8220; _builder_version=&#8220;4.4.8&#8243; hover_enabled=&#8220;0&#8243;][\/et_pb_button][\/et_pb_column][et_pb_column type=&#8220;1_2&#8243; _builder_version=&#8220;4.4.8&#8243;][et_pb_text _builder_version=&#8220;4.4.8&#8243; hover_enabled=&#8220;0&#8243;]<\/p>\n<h2>Zimmer &#8211; Gebint V<\/h2>\n<div class=\"widget-123boeken-description\">Gebint V ist voll ausgestattet und hat eine Gesamtfl\u00e4che von 19m2. Das Zimmer verf\u00fcgt \u00fcber die folgenden Einrichtungen: 2x 1 Person boxspring, Private Badezimmer mit begehbarer Dusche, WC &amp; Waschbecken, Kaffee und Tee&#8230;<\/div>\n<div>\u00a0<\/div>\n<div><img loading=\"lazy\" decoding=\"async\" class=\"wp-image-6213 alignnone size-full\" src=\"https:\/\/www.bedandbreakfastdeschoppe.nl\/wp-content\/uploads\/2024\/11\/Gebint-5.jpg\" alt=\"\" width=\"800\" height=\"600\" srcset=\"https:\/\/www.bedandbreakfastdeschoppe.nl\/wp-content\/uploads\/2024\/11\/Gebint-5.jpg 800w, https:\/\/www.bedandbreakfastdeschoppe.nl\/wp-content\/uploads\/2024\/11\/Gebint-5-480x360.jpg 480w\" sizes=\"(min-width: 0px) and (max-width: 480px) 480px, (min-width: 481px) 800px, 100vw\" \/><\/div>\n<p>[\/et_pb_text][et_pb_button button_url=&#8220;\/de\/kamer-gebint-v\/#verblijf&#8220; button_text=&#8220;Verf\u00fcgbarkeit \u00fcberpr\u00fcfen&#8220; _builder_version=&#8220;4.4.8&#8243; hover_enabled=&#8220;0&#8243;][\/et_pb_button][\/et_pb_column][\/et_pb_row][et_pb_row column_structure=&#8220;1_2,1_2&#8243; _builder_version=&#8220;4.4.8&#8243; custom_margin=&#8220;25px||25px||false|false&#8220; custom_padding=&#8220;25px||25px||false|false&#8220; border_width_top=&#8220;1px&#8220; border_color_top=&#8220;#cecece&#8220; border_width_bottom=&#8220;1px&#8220; border_color_bottom=&#8220;#cecece&#8220;][et_pb_column type=&#8220;1_2&#8243; _builder_version=&#8220;4.4.8&#8243;][et_pb_text _builder_version=&#8220;4.4.8&#8243; hover_enabled=&#8220;0&#8243;]<\/p>\n<h2>Zimmer &#8211; Gebint VI<\/h2>\n<div class=\"widget-123boeken-description\">Gebint Vl ist voll ausgestattet und hat eine Gesamtfl\u00e4che von 16m2. Das Zimmer verf\u00fcgt \u00fcber die folgenden Einrichtungen: 2x 1 Person boxspring, Private Badezimmer mit begehbarer Dusche, WC &amp; Waschbecken, Kaffee und Tee&#8230;<\/div>\n<div>\u00a0<\/div>\n<div><img loading=\"lazy\" decoding=\"async\" class=\"wp-image-6215 alignnone size-full\" src=\"https:\/\/www.bedandbreakfastdeschoppe.nl\/wp-content\/uploads\/2024\/11\/Gebint-6.jpg\" alt=\"\" width=\"800\" height=\"600\" srcset=\"https:\/\/www.bedandbreakfastdeschoppe.nl\/wp-content\/uploads\/2024\/11\/Gebint-6.jpg 800w, https:\/\/www.bedandbreakfastdeschoppe.nl\/wp-content\/uploads\/2024\/11\/Gebint-6-480x360.jpg 480w\" sizes=\"(min-width: 0px) and (max-width: 480px) 480px, (min-width: 481px) 800px, 100vw\" \/><\/div>\n<p>[\/et_pb_text][et_pb_button button_url=&#8220;\/de\/kamer-gebint-vi\/&#8220; button_text=&#8220;Verf\u00fcgbarkeit \u00fcberpr\u00fcfen&#8220; _builder_version=&#8220;4.4.8&#8243; hover_enabled=&#8220;0&#8243;][\/et_pb_button][\/et_pb_column][et_pb_column type=&#8220;1_2&#8243; _builder_version=&#8220;4.4.8&#8243;][et_pb_text _builder_version=&#8220;4.4.8&#8243; hover_enabled=&#8220;0&#8243;]<\/p>\n<h2>Studio (erster Stock)<\/h2>\n<p>Das Studio ist voll ausgestattet und hat eine Gesamtfl\u00e4che von 20m2. Das Zimmer verf\u00fcgt \u00fcber die folgenden Einrichtungen: 2x 1 Person boxspring, Private Badezimmer mit begehbarer Dusche, WC &amp; Waschbecken, Kaffee und Tee&#8230;<img loading=\"lazy\" decoding=\"async\" class=\"wp-image-6217 alignnone size-full\" style=\"color: #666666; font-size: 14px;\" src=\"https:\/\/www.bedandbreakfastdeschoppe.nl\/wp-content\/uploads\/2024\/11\/Studio.jpg\" alt=\"\" width=\"800\" height=\"600\" srcset=\"https:\/\/www.bedandbreakfastdeschoppe.nl\/wp-content\/uploads\/2024\/11\/Studio.jpg 800w, https:\/\/www.bedandbreakfastdeschoppe.nl\/wp-content\/uploads\/2024\/11\/Studio-480x360.jpg 480w\" sizes=\"(min-width: 0px) and (max-width: 480px) 480px, (min-width: 481px) 800px, 100vw\" \/><\/p>\n<p>[\/et_pb_text][et_pb_button button_url=&#8220;\/de\/studio\/&#8220; button_text=&#8220;Verf\u00fcgbarkeit \u00fcberpr\u00fcfen&#8220; _builder_version=&#8220;4.4.8&#8243; hover_enabled=&#8220;0&#8243;][\/et_pb_button][\/et_pb_column][\/et_pb_row][et_pb_row column_structure=&#8220;1_2,1_2&#8243; _builder_version=&#8220;4.4.8&#8243;][et_pb_column type=&#8220;1_2&#8243; _builder_version=&#8220;4.4.8&#8243;][et_pb_text _builder_version=&#8220;4.4.8&#8243; hover_enabled=&#8220;0&#8243;]<\/p>\n<h2>Der H\u00fchnerstall<\/h2>\n<p>Het Kippenhok ist eine luxuri\u00f6se, frei stehende Wanderh\u00fctte, die auch als Ferienhaus genutzt werden kann. Das Geb\u00e4ude hat eine Fl\u00e4che von 30 m2 und wurde komplett im Stil der typischen H\u00fchnerst\u00e4lle der Achterhoek umgebaut&#8230;..<\/p>\n<div><img loading=\"lazy\" decoding=\"async\" class=\"wp-image-6219 alignnone size-full\" src=\"https:\/\/www.bedandbreakfastdeschoppe.nl\/wp-content\/uploads\/2024\/11\/Het-kippenhok.jpg\" alt=\"\" width=\"800\" height=\"600\" srcset=\"https:\/\/www.bedandbreakfastdeschoppe.nl\/wp-content\/uploads\/2024\/11\/Het-kippenhok.jpg 800w, https:\/\/www.bedandbreakfastdeschoppe.nl\/wp-content\/uploads\/2024\/11\/Het-kippenhok-480x360.jpg 480w\" sizes=\"(min-width: 0px) and (max-width: 480px) 480px, (min-width: 481px) 800px, 100vw\" \/><\/div>\n<p>[\/et_pb_text][et_pb_button button_url=&#8220;\/de\/het-kippenhok\/&#8220; button_text=&#8220;Verf\u00fcgbarkeit \u00fcberpr\u00fcfen&#8220; _builder_version=&#8220;4.4.8&#8243;][\/et_pb_button][\/et_pb_column][et_pb_column type=&#8220;1_2&#8243; _builder_version=&#8220;4.4.8&#8243;][\/et_pb_column][\/et_pb_row][\/et_pb_section][et_pb_section fb_built=&#8220;1&#8243; _builder_version=&#8220;3.22&#8243; background_color=&#8220;rgba(0,0,0,0.05)&#8220; background_image=&#8220;https:\/\/www.bedandbreakfastdeschoppe.nl\/wp-content\/uploads\/2018\/02\/contentachtergrond.jpg&#8220; custom_padding=&#8220;47px|0px|30px|0px&#8220; saved_tabs=&#8220;all&#8220;][et_pb_row column_structure=&#8220;1_3,1_3,1_3&#8243; _builder_version=&#8220;3.25&#8243; max_width=&#8220;1080px&#8220; custom_padding=&#8220;0px|0px|15px|0px&#8220;][et_pb_column type=&#8220;1_3&#8243; _builder_version=&#8220;3.25&#8243; custom_padding=&#8220;|||&#8220; custom_padding__hover=&#8220;|||&#8220;][et_pb_image src=&#8220;https:\/\/www.bedandbreakfastdeschoppe.nl\/wp-content\/uploads\/2018\/02\/logo.png&#8220; align_tablet=&#8220;center&#8220; align_phone=&#8220;&#8220; align_last_edited=&#8220;on|desktop&#8220; _builder_version=&#8220;3.23&#8243; always_center_on_mobile=&#8220;on&#8220;][\/et_pb_image][\/et_pb_column][et_pb_column type=&#8220;1_3&#8243; _builder_version=&#8220;3.25&#8243; custom_padding=&#8220;|||&#8220; custom_padding__hover=&#8220;|||&#8220;][et_pb_text _builder_version=&#8220;4.4.8&#8243; hover_enabled=&#8220;0&#8243;]<\/p>\n<p class=\"font_7\"><span class=\"color_13\">VISIT US<\/span><\/p>\n<p class=\"font_8\"><span class=\"color_13\">Zwilbroekseweg 7<\/span><\/p>\n<p class=\"font_8\"><span class=\"color_13\">7104BS Meddo<\/span><\/p>\n<p>KvK: 66974992<\/p>\n<p><a href=\"https:\/\/www.bedandbreakfastdeschoppe.nl\/wp-content\/uploads\/2024\/11\/Algemene-voorwaarden-BB-de-Schoppe-okt-2024.pdf\"><span style=\"text-decoration: underline;\">Bekijk onze algemene voorrwaarden<\/span><\/a><\/p>\n<p><span style=\"text-decoration: underline;\"><a href=\"https:\/\/www.desliepsteen.nl\/\" target=\"_blank\" rel=\"noopener noreferrer\">Bekijk ook onze Vakantiewoning website<\/a><\/span><\/p>\n<p>&nbsp;<\/p>\n<p>[\/et_pb_text][\/et_pb_column][et_pb_column type=&#8220;1_3&#8243; _builder_version=&#8220;3.25&#8243; custom_padding=&#8220;|||&#8220; custom_padding__hover=&#8220;|||&#8220;][et_pb_text _builder_version=&#8220;3.27.4&#8243; hover_enabled=&#8220;0&#8243;]<\/p>\n<p>STAY CONNECTED<\/p>\n<p>[\/et_pb_text][et_pb_social_media_follow _builder_version=&#8220;3.0.105&#8243;][et_pb_social_media_follow_network social_network=&#8220;facebook&#8220; url=&#8220;https:\/\/www.facebook.com\/bbdeschoppe\/&#8220; _builder_version=&#8220;3.0.105&#8243; background_color=&#8220;#3b5998&#8243; background_image=&#8220;https:\/\/www.bedandbreakfastdeschoppe.nl\/wp-content\/uploads\/2018\/03\/16831169_413628485638784_1128510055728214913_n.jpg&#8220; follow_button=&#8220;off&#8220; url_new_window=&#8220;on&#8220;]facebook[\/et_pb_social_media_follow_network][et_pb_social_media_follow_network social_network=&#8220;instagram&#8220; url=&#8220;https:\/\/www.instagram.com\/bbdeschoppe\/&#8220; _builder_version=&#8220;3.0.105&#8243; background_color=&#8220;#6bbc23&#8243; use_background_color_gradient=&#8220;on&#8220; background_image=&#8220;https:\/\/www.bedandbreakfastdeschoppe.nl\/wp-content\/uploads\/2018\/03\/16831169_413628485638784_1128510055728214913_n.jpg&#8220; follow_button=&#8220;off&#8220; url_new_window=&#8220;on&#8220;]instagram[\/et_pb_social_media_follow_network][\/et_pb_social_media_follow][\/et_pb_column][\/et_pb_row][\/et_pb_section]<\/p>\n","protected":false},"excerpt":{"rendered":"<p>Zimmer &#8211; Gebint IIII Gebint llll ist voll ausgestattet und hat eine Gesamtfl\u00e4che von 17m2. Das Zimmer verf\u00fcgt \u00fcber die folgenden Einrichtungen: 2 x 1 Person boxspring, Private Badezimmer mit begehbarer Dusche, WC und Waschbecken, Kaffee- und Teezubeh\u00f6r&#8230; \u00a0 Zimmer &#8211; Gebint V Gebint V ist voll ausgestattet und hat eine Gesamtfl\u00e4che von 19m2. Das [&hellip;]<\/p>\n","protected":false},"author":1,"featured_media":0,"parent":0,"menu_order":0,"comment_status":"closed","ping_status":"closed","template":"","meta":{"_acf_changed":false,"_et_pb_use_builder":"on","_et_pb_old_content":"","_et_gb_content_width":"","inline_featured_image":false,"footnotes":""},"class_list":["post-6425","page","type-page","status-publish","hentry"],"acf":[],"yoast_head":"<!-- This site is optimized with the Yoast SEO plugin v27.5 - https:\/\/yoast.com\/product\/yoast-seo-wordpress\/ -->\n<title>Zimmer - Bed &amp; Breakfast de Schoppe<\/title>\n<meta name=\"robots\" content=\"index, follow, max-snippet:-1, max-image-preview:large, max-video-preview:-1\" \/>\n<link rel=\"canonical\" href=\"https:\/\/www.bedandbreakfastdeschoppe.nl\/de\/zimmer\/\" \/>\n<meta property=\"og:locale\" content=\"de_DE\" \/>\n<meta property=\"og:type\" content=\"article\" \/>\n<meta property=\"og:title\" content=\"Zimmer - Bed &amp; Breakfast de Schoppe\" \/>\n<meta property=\"og:description\" content=\"Zimmer - Gebint IIII Gebint llll ist voll ausgestattet und hat eine Gesamtfl\u00e4che von 17m2. Das Zimmer verf\u00fcgt \u00fcber die folgenden Einrichtungen: 2 x 1 Person boxspring, Private Badezimmer mit begehbarer Dusche, WC und Waschbecken, Kaffee- und Teezubeh\u00f6r... \u00a0 Zimmer - Gebint V Gebint V ist voll ausgestattet und hat eine Gesamtfl\u00e4che von 19m2. Das [&hellip;]\" \/>\n<meta property=\"og:url\" content=\"https:\/\/www.bedandbreakfastdeschoppe.nl\/de\/zimmer\/\" \/>\n<meta property=\"og:site_name\" content=\"Bed &amp; Breakfast de Schoppe\" \/>\n<meta property=\"article:modified_time\" content=\"2025-01-07T07:30:18+00:00\" \/>\n<meta property=\"og:image\" content=\"https:\/\/www.bedandbreakfastdeschoppe.nl\/wp-content\/uploads\/2024\/11\/Gebint-4.jpg\" \/>\n\t<meta property=\"og:image:width\" content=\"800\" \/>\n\t<meta property=\"og:image:height\" content=\"600\" \/>\n\t<meta property=\"og:image:type\" content=\"image\/jpeg\" \/>\n<meta name=\"twitter:card\" content=\"summary_large_image\" \/>\n<meta name=\"twitter:label1\" content=\"Gesch\u00e4tzte Lesezeit\" \/>\n\t<meta name=\"twitter:data1\" content=\"3\u00a0Minuten\" \/>\n<script type=\"application\/ld+json\" class=\"yoast-schema-graph\">{\"@context\":\"https:\\\/\\\/schema.org\",\"@graph\":[{\"@type\":\"WebPage\",\"@id\":\"https:\\\/\\\/www.bedandbreakfastdeschoppe.nl\\\/de\\\/zimmer\\\/\",\"url\":\"https:\\\/\\\/www.bedandbreakfastdeschoppe.nl\\\/de\\\/zimmer\\\/\",\"name\":\"Zimmer - Bed &amp; Breakfast de Schoppe\",\"isPartOf\":{\"@id\":\"https:\\\/\\\/www.bedandbreakfastdeschoppe.nl\\\/#website\"},\"primaryImageOfPage\":{\"@id\":\"https:\\\/\\\/www.bedandbreakfastdeschoppe.nl\\\/de\\\/zimmer\\\/#primaryimage\"},\"image\":{\"@id\":\"https:\\\/\\\/www.bedandbreakfastdeschoppe.nl\\\/de\\\/zimmer\\\/#primaryimage\"},\"thumbnailUrl\":\"https:\\\/\\\/www.bedandbreakfastdeschoppe.nl\\\/wp-content\\\/uploads\\\/2024\\\/11\\\/Gebint-4.jpg\",\"datePublished\":\"2024-11-15T14:42:33+00:00\",\"dateModified\":\"2025-01-07T07:30:18+00:00\",\"breadcrumb\":{\"@id\":\"https:\\\/\\\/www.bedandbreakfastdeschoppe.nl\\\/de\\\/zimmer\\\/#breadcrumb\"},\"inLanguage\":\"de\",\"potentialAction\":[{\"@type\":\"ReadAction\",\"target\":[\"https:\\\/\\\/www.bedandbreakfastdeschoppe.nl\\\/de\\\/zimmer\\\/\"]}]},{\"@type\":\"ImageObject\",\"inLanguage\":\"de\",\"@id\":\"https:\\\/\\\/www.bedandbreakfastdeschoppe.nl\\\/de\\\/zimmer\\\/#primaryimage\",\"url\":\"https:\\\/\\\/www.bedandbreakfastdeschoppe.nl\\\/wp-content\\\/uploads\\\/2024\\\/11\\\/Gebint-4.jpg\",\"contentUrl\":\"https:\\\/\\\/www.bedandbreakfastdeschoppe.nl\\\/wp-content\\\/uploads\\\/2024\\\/11\\\/Gebint-4.jpg\"},{\"@type\":\"BreadcrumbList\",\"@id\":\"https:\\\/\\\/www.bedandbreakfastdeschoppe.nl\\\/de\\\/zimmer\\\/#breadcrumb\",\"itemListElement\":[{\"@type\":\"ListItem\",\"position\":1,\"name\":\"Home\",\"item\":\"https:\\\/\\\/www.bedandbreakfastdeschoppe.nl\\\/de\\\/\"},{\"@type\":\"ListItem\",\"position\":2,\"name\":\"Zimmer\"}]},{\"@type\":\"WebSite\",\"@id\":\"https:\\\/\\\/www.bedandbreakfastdeschoppe.nl\\\/#website\",\"url\":\"https:\\\/\\\/www.bedandbreakfastdeschoppe.nl\\\/\",\"name\":\"Bed &amp; Breakfast de Schoppe\",\"description\":\"\",\"potentialAction\":[{\"@type\":\"SearchAction\",\"target\":{\"@type\":\"EntryPoint\",\"urlTemplate\":\"https:\\\/\\\/www.bedandbreakfastdeschoppe.nl\\\/?s={search_term_string}\"},\"query-input\":{\"@type\":\"PropertyValueSpecification\",\"valueRequired\":true,\"valueName\":\"search_term_string\"}}],\"inLanguage\":\"de\"}]}<\/script>\n<!-- \/ Yoast SEO plugin. -->","yoast_head_json":{"title":"Zimmer - Bed &amp; Breakfast de Schoppe","robots":{"index":"index","follow":"follow","max-snippet":"max-snippet:-1","max-image-preview":"max-image-preview:large","max-video-preview":"max-video-preview:-1"},"canonical":"https:\/\/www.bedandbreakfastdeschoppe.nl\/de\/zimmer\/","og_locale":"de_DE","og_type":"article","og_title":"Zimmer - Bed &amp; Breakfast de Schoppe","og_description":"Zimmer - Gebint IIII Gebint llll ist voll ausgestattet und hat eine Gesamtfl\u00e4che von 17m2. Das Zimmer verf\u00fcgt \u00fcber die folgenden Einrichtungen: 2 x 1 Person boxspring, Private Badezimmer mit begehbarer Dusche, WC und Waschbecken, Kaffee- und Teezubeh\u00f6r... \u00a0 Zimmer - Gebint V Gebint V ist voll ausgestattet und hat eine Gesamtfl\u00e4che von 19m2. Das [&hellip;]","og_url":"https:\/\/www.bedandbreakfastdeschoppe.nl\/de\/zimmer\/","og_site_name":"Bed &amp; Breakfast de Schoppe","article_modified_time":"2025-01-07T07:30:18+00:00","og_image":[{"width":800,"height":600,"url":"https:\/\/www.bedandbreakfastdeschoppe.nl\/wp-content\/uploads\/2024\/11\/Gebint-4.jpg","type":"image\/jpeg"}],"twitter_card":"summary_large_image","twitter_misc":{"Gesch\u00e4tzte Lesezeit":"3\u00a0Minuten"},"schema":{"@context":"https:\/\/schema.org","@graph":[{"@type":"WebPage","@id":"https:\/\/www.bedandbreakfastdeschoppe.nl\/de\/zimmer\/","url":"https:\/\/www.bedandbreakfastdeschoppe.nl\/de\/zimmer\/","name":"Zimmer - Bed &amp; Breakfast de Schoppe","isPartOf":{"@id":"https:\/\/www.bedandbreakfastdeschoppe.nl\/#website"},"primaryImageOfPage":{"@id":"https:\/\/www.bedandbreakfastdeschoppe.nl\/de\/zimmer\/#primaryimage"},"image":{"@id":"https:\/\/www.bedandbreakfastdeschoppe.nl\/de\/zimmer\/#primaryimage"},"thumbnailUrl":"https:\/\/www.bedandbreakfastdeschoppe.nl\/wp-content\/uploads\/2024\/11\/Gebint-4.jpg","datePublished":"2024-11-15T14:42:33+00:00","dateModified":"2025-01-07T07:30:18+00:00","breadcrumb":{"@id":"https:\/\/www.bedandbreakfastdeschoppe.nl\/de\/zimmer\/#breadcrumb"},"inLanguage":"de","potentialAction":[{"@type":"ReadAction","target":["https:\/\/www.bedandbreakfastdeschoppe.nl\/de\/zimmer\/"]}]},{"@type":"ImageObject","inLanguage":"de","@id":"https:\/\/www.bedandbreakfastdeschoppe.nl\/de\/zimmer\/#primaryimage","url":"https:\/\/www.bedandbreakfastdeschoppe.nl\/wp-content\/uploads\/2024\/11\/Gebint-4.jpg","contentUrl":"https:\/\/www.bedandbreakfastdeschoppe.nl\/wp-content\/uploads\/2024\/11\/Gebint-4.jpg"},{"@type":"BreadcrumbList","@id":"https:\/\/www.bedandbreakfastdeschoppe.nl\/de\/zimmer\/#breadcrumb","itemListElement":[{"@type":"ListItem","position":1,"name":"Home","item":"https:\/\/www.bedandbreakfastdeschoppe.nl\/de\/"},{"@type":"ListItem","position":2,"name":"Zimmer"}]},{"@type":"WebSite","@id":"https:\/\/www.bedandbreakfastdeschoppe.nl\/#website","url":"https:\/\/www.bedandbreakfastdeschoppe.nl\/","name":"Bed &amp; Breakfast de Schoppe","description":"","potentialAction":[{"@type":"SearchAction","target":{"@type":"EntryPoint","urlTemplate":"https:\/\/www.bedandbreakfastdeschoppe.nl\/?s={search_term_string}"},"query-input":{"@type":"PropertyValueSpecification","valueRequired":true,"valueName":"search_term_string"}}],"inLanguage":"de"}]}},"_links":{"self":[{"href":"https:\/\/www.bedandbreakfastdeschoppe.nl\/de\/wp-json\/wp\/v2\/pages\/6425","targetHints":{"allow":["GET"]}}],"collection":[{"href":"https:\/\/www.bedandbreakfastdeschoppe.nl\/de\/wp-json\/wp\/v2\/pages"}],"about":[{"href":"https:\/\/www.bedandbreakfastdeschoppe.nl\/de\/wp-json\/wp\/v2\/types\/page"}],"author":[{"embeddable":true,"href":"https:\/\/www.bedandbreakfastdeschoppe.nl\/de\/wp-json\/wp\/v2\/users\/1"}],"replies":[{"embeddable":true,"href":"https:\/\/www.bedandbreakfastdeschoppe.nl\/de\/wp-json\/wp\/v2\/comments?post=6425"}],"version-history":[{"count":6,"href":"https:\/\/www.bedandbreakfastdeschoppe.nl\/de\/wp-json\/wp\/v2\/pages\/6425\/revisions"}],"predecessor-version":[{"id":6662,"href":"https:\/\/www.bedandbreakfastdeschoppe.nl\/de\/wp-json\/wp\/v2\/pages\/6425\/revisions\/6662"}],"wp:attachment":[{"href":"https:\/\/www.bedandbreakfastdeschoppe.nl\/de\/wp-json\/wp\/v2\/media?parent=6425"}],"curies":[{"name":"wp","href":"https:\/\/api.w.org\/{rel}","templated":true}]}}