{"id":1449,"date":"2019-05-22T10:16:24","date_gmt":"2019-05-22T08:16:24","guid":{"rendered":"https:\/\/www.bedandbreakfastdeschoppe.nl\/umgebung\/radfahren\/"},"modified":"2019-05-22T10:16:25","modified_gmt":"2019-05-22T08:16:25","slug":"radfahren","status":"publish","type":"page","link":"https:\/\/www.bedandbreakfastdeschoppe.nl\/de\/umgebung\/radfahren\/","title":{"rendered":"Radfahren"},"content":{"rendered":"<p>[et_pb_section fb_built=&#8220;1&#8243; background_color=&#8220;#1b393d&#8220; fullwidth=&#8220;on&#8220; _builder_version=&#8220;3.0.105&#8243;][et_pb_fullwidth_post_title meta=&#8220;off&#8220; featured_image=&#8220;off&#8220; _builder_version=&#8220;3.0.105&#8243;][\/et_pb_fullwidth_post_title][\/et_pb_section][et_pb_section fb_built=&#8220;1&#8243; _builder_version=&#8220;3.0.105&#8243; custom_padding=&#8220;0px|0px|0px|0px&#8220;][et_pb_row custom_padding=&#8220;40px|0px|15px|0px&#8220; _builder_version=&#8220;3.0.105&#8243;][et_pb_column type=&#8220;3_4&#8243; _builder_version=&#8220;3.0.105&#8243; parallax=&#8220;off&#8220; parallax_method=&#8220;on&#8220;][et_pb_text _builder_version=&#8220;3.0.105&#8243; inline_fonts=&#8220;Clicker Script&#8220;]<\/p>\n<h3><strong>Grenzenlos Radfahren<\/strong><\/h3>\n<p>Die Flamingostrecke geht in Deutschland \u00fcber das <a href=\"http:\/\/www.radverkehrsnetz.nrw.de\/\">Fahrradnetzwerk NRW<\/a> und in den Niederlanden \u00fcber das <a href=\"http:\/\/www.fietsroutenetwerk.nl\/\">Knotenpunktsystem<\/a><strong>.<\/strong><\/p>\n<p>Diese Fahrradnetzwerke sind in beiden Fahrrichtungen mit Wegweisern ausgeschildert. Im M\u00fcnsterland zeigen Schilder mit den roten Pfeilen die Richtung bis zur n\u00e4chsten Kreuzung. Dort gibt es Wegweiser, die die Richtung und der Abstand bis zum n\u00e4chsten Ziel angeben.<\/p>\n<p>In den Niederlanden gibt es gr\u00fcne Pfeile auf den Schildern und die Nummer des n\u00e4chsten Knotenpunktes. Bei dem Knotenpunkt macht eine Karte deutlich wo Sie sich befinden und werden die n\u00e4chsten Knotenpunkte gezeigt wo Sie hin radeln k\u00f6nnen.<\/p>\n<p>Die Flamingostrecke wird bei den Kreuzungen und Knotenpunkten in beiden Richtungen erkennbar gemacht durch einen rosaroten Flamingo. Teil der Flamingostrecke sind die anderen kleinen Strecken, die zu interessanten Naturreservaten f\u00fchren. Die gibt es ebenfalls auf der Fahrradkarte. In der Achterhoek sind die auch ausgeschildert. Wenn Sie nur einen Teil der Flamingostrecke fahren m\u00f6chten, k\u00f6nnen Sie f\u00fcr eine Tour auch andere fahrradfreundliche Strecken w\u00e4hlen.<\/p>\n<p>Die grenz\u00fcberschreitende Themenstrecken <a href=\"http:\/\/www.agri-cultura.eu\/\">Agricultura <\/a>und <a href=\"http:\/\/www.flusslandschaft.eu\/\">Flusslandschaft<\/a> bieten dazu gute M\u00f6glichkeiten.[\/et_pb_text][\/et_pb_column][et_pb_column type=&#8220;1_4&#8243; _builder_version=&#8220;3.0.105&#8243; parallax=&#8220;off&#8220; parallax_method=&#8220;on&#8220;][et_pb_image src=&#8220;https:\/\/www.bedandbreakfastdeschoppe.nl\/wp-content\/uploads\/2018\/03\/bocholt_tourismus_radeln_Karte-Flamingoroute-neu.jpg&#8220; url=&#8220;http:\/\/www.flamingoroute.com\/actueel\/?L=1&#8243; url_new_window=&#8220;on&#8220; _builder_version=&#8220;3.0.105&#8243;][\/et_pb_image][\/et_pb_column][\/et_pb_row][et_pb_row _builder_version=&#8220;3.0.105&#8243;][et_pb_column type=&#8220;4_4&#8243; _builder_version=&#8220;3.0.105&#8243; parallax=&#8220;off&#8220; parallax_method=&#8220;on&#8220;][et_pb_button button_url=&#8220;https:\/\/www.fietsnetwerk.nl\/fietsroutes\/zoeken\/winterswijk\/&#8220; url_new_window=&#8220;on&#8220; button_text=&#8220;Meer fietsroutes&#8220; _builder_version=&#8220;3.0.105&#8243;][\/et_pb_button][et_pb_button button_url=&#8220;https:\/\/www.100procentwinterswijk.nl\/zien-doen\/rustpunten&#8220; url_new_window=&#8220;on&#8220; button_text=&#8220;Rustpunten&#8220; _builder_version=&#8220;3.0.105&#8243;][\/et_pb_button][\/et_pb_column][\/et_pb_row][et_pb_row _builder_version=&#8220;3.0.105&#8243; custom_padding=&#8220;15px|0px|0px|0px&#8220;][et_pb_column type=&#8220;4_4&#8243; _builder_version=&#8220;3.0.105&#8243; parallax=&#8220;off&#8220; parallax_method=&#8220;on&#8220;][et_pb_gallery gallery_ids=&#8220;618,616,641,640,639,637,645,653,1205,659,660,654,642,643,650,663&#8243; gallery_captions=&#8220;,,,,,,,,,,,,,,,&#8220; posts_number=&#8220;99&#8243; show_title_and_caption=&#8220;off&#8220; _builder_version=&#8220;3.0.105&#8243;][\/et_pb_gallery][\/et_pb_column][\/et_pb_row][\/et_pb_section][et_pb_section fb_built=&#8220;1&#8243; background_color=&#8220;rgba(0,35,38,0.9)&#8220; _builder_version=&#8220;3.0.105&#8243; custom_padding=&#8220;30px|0px|60px|0px&#8220;][\/et_pb_section][et_pb_section fb_built=&#8220;1&#8243; background_color=&#8220;rgba(0,0,0,0.05)&#8220; _builder_version=&#8220;3.0.105&#8243; background_image=&#8220;https:\/\/www.bedandbreakfastdeschoppe.nl\/wp-content\/uploads\/2018\/02\/contentachtergrond.jpg&#8220; custom_padding=&#8220;47px|0px|30px|0px&#8220; global_module=&#8220;714&#8243; saved_tabs=&#8220;all&#8220;][et_pb_row custom_padding=&#8220;0px|0px|15px|0px&#8220; _builder_version=&#8220;3.0.105&#8243;][et_pb_column type=&#8220;1_3&#8243; _builder_version=&#8220;3.0.47&#8243; parallax=&#8220;off&#8220; parallax_method=&#8220;on&#8220;][et_pb_image src=&#8220;https:\/\/www.bedandbreakfastdeschoppe.nl\/wp-content\/uploads\/2018\/02\/logo.png&#8220; _builder_version=&#8220;3.0.105&#8243;][\/et_pb_image][\/et_pb_column][et_pb_column type=&#8220;1_3&#8243; _builder_version=&#8220;3.0.47&#8243; parallax=&#8220;off&#8220; parallax_method=&#8220;on&#8220;][et_pb_text _builder_version=&#8220;3.0.105&#8243;]<\/p>\n<p class=\"font_7\"><span class=\"color_13\">VISIT US<\/span><\/p>\n<p class=\"font_8\"><span class=\"color_13\">Zwilbroekseweg 7<\/span><\/p>\n<p class=\"font_8\"><span class=\"color_13\">7104BS Meddo<\/span><\/p>\n<p>[\/et_pb_text][\/et_pb_column][et_pb_column type=&#8220;1_3&#8243; _builder_version=&#8220;3.0.47&#8243; parallax=&#8220;off&#8220; parallax_method=&#8220;on&#8220;][et_pb_text _builder_version=&#8220;3.0.105&#8243;]<\/p>\n<p>STAY CONNECTED<\/p>\n<p>[\/et_pb_text][et_pb_social_media_follow _builder_version=&#8220;3.0.105&#8243;][et_pb_social_media_follow_network social_network=&#8220;facebook&#8220; url=&#8220;https:\/\/www.facebook.com\/bbdeschoppe\/&#8220; _builder_version=&#8220;3.0.105&#8243; background_color=&#8220;#3b5998&#8243; background_image=&#8220;https:\/\/www.bedandbreakfastdeschoppe.nl\/wp-content\/uploads\/2018\/03\/16831169_413628485638784_1128510055728214913_n.jpg&#8220; follow_button=&#8220;off&#8220; url_new_window=&#8220;on&#8220;]facebook[\/et_pb_social_media_follow_network][et_pb_social_media_follow_network social_network=&#8220;instagram&#8220; url=&#8220;https:\/\/www.instagram.com\/bbdeschoppe\/&#8220; _builder_version=&#8220;3.0.105&#8243; background_color=&#8220;#6bbc23&#8243; use_background_color_gradient=&#8220;on&#8220; background_image=&#8220;https:\/\/www.bedandbreakfastdeschoppe.nl\/wp-content\/uploads\/2018\/03\/16831169_413628485638784_1128510055728214913_n.jpg&#8220; follow_button=&#8220;off&#8220; url_new_window=&#8220;on&#8220;]instagram[\/et_pb_social_media_follow_network][\/et_pb_social_media_follow][\/et_pb_column][\/et_pb_row][\/et_pb_section]<\/p>\n","protected":false},"excerpt":{"rendered":"<p>Grenzenlos Radfahren Die Flamingostrecke geht in Deutschland \u00fcber das Fahrradnetzwerk NRW und in den Niederlanden \u00fcber das Knotenpunktsystem. Diese Fahrradnetzwerke sind in beiden Fahrrichtungen mit Wegweisern ausgeschildert. Im M\u00fcnsterland zeigen Schilder mit den roten Pfeilen die Richtung bis zur n\u00e4chsten Kreuzung. Dort gibt es Wegweiser, die die Richtung und der Abstand bis zum n\u00e4chsten Ziel [&hellip;]<\/p>\n","protected":false},"author":101011,"featured_media":0,"parent":1435,"menu_order":0,"comment_status":"closed","ping_status":"closed","template":"","meta":{"_acf_changed":false,"_et_pb_use_builder":"on","_et_pb_old_content":"","_et_gb_content_width":"","inline_featured_image":false,"footnotes":""},"class_list":["post-1449","page","type-page","status-publish","hentry"],"acf":[],"yoast_head":"<!-- This site is optimized with the Yoast SEO plugin v27.5 - https:\/\/yoast.com\/product\/yoast-seo-wordpress\/ -->\n<title>Radfahren - Bed &amp; Breakfast de Schoppe<\/title>\n<meta name=\"robots\" content=\"index, follow, max-snippet:-1, max-image-preview:large, max-video-preview:-1\" \/>\n<link rel=\"canonical\" href=\"https:\/\/www.bedandbreakfastdeschoppe.nl\/de\/umgebung\/radfahren\/\" \/>\n<meta property=\"og:locale\" content=\"de_DE\" \/>\n<meta property=\"og:type\" content=\"article\" \/>\n<meta property=\"og:title\" content=\"Radfahren - Bed &amp; Breakfast de Schoppe\" \/>\n<meta property=\"og:description\" content=\"Grenzenlos Radfahren Die Flamingostrecke geht in Deutschland \u00fcber das Fahrradnetzwerk NRW und in den Niederlanden \u00fcber das Knotenpunktsystem. Diese Fahrradnetzwerke sind in beiden Fahrrichtungen mit Wegweisern ausgeschildert. Im M\u00fcnsterland zeigen Schilder mit den roten Pfeilen die Richtung bis zur n\u00e4chsten Kreuzung. Dort gibt es Wegweiser, die die Richtung und der Abstand bis zum n\u00e4chsten Ziel [&hellip;]\" \/>\n<meta property=\"og:url\" content=\"https:\/\/www.bedandbreakfastdeschoppe.nl\/de\/umgebung\/radfahren\/\" \/>\n<meta property=\"og:site_name\" content=\"Bed &amp; Breakfast de Schoppe\" \/>\n<meta property=\"article:modified_time\" content=\"2019-05-22T08:16:25+00:00\" \/>\n<meta name=\"twitter:card\" content=\"summary_large_image\" \/>\n<meta name=\"twitter:label1\" content=\"Gesch\u00e4tzte Lesezeit\" \/>\n\t<meta name=\"twitter:data1\" content=\"3\u00a0Minuten\" \/>\n<script type=\"application\/ld+json\" class=\"yoast-schema-graph\">{\"@context\":\"https:\\\/\\\/schema.org\",\"@graph\":[{\"@type\":\"WebPage\",\"@id\":\"https:\\\/\\\/www.bedandbreakfastdeschoppe.nl\\\/de\\\/umgebung\\\/radfahren\\\/\",\"url\":\"https:\\\/\\\/www.bedandbreakfastdeschoppe.nl\\\/de\\\/umgebung\\\/radfahren\\\/\",\"name\":\"Radfahren - Bed &amp; Breakfast de Schoppe\",\"isPartOf\":{\"@id\":\"https:\\\/\\\/www.bedandbreakfastdeschoppe.nl\\\/#website\"},\"datePublished\":\"2019-05-22T08:16:24+00:00\",\"dateModified\":\"2019-05-22T08:16:25+00:00\",\"breadcrumb\":{\"@id\":\"https:\\\/\\\/www.bedandbreakfastdeschoppe.nl\\\/de\\\/umgebung\\\/radfahren\\\/#breadcrumb\"},\"inLanguage\":\"de\",\"potentialAction\":[{\"@type\":\"ReadAction\",\"target\":[\"https:\\\/\\\/www.bedandbreakfastdeschoppe.nl\\\/de\\\/umgebung\\\/radfahren\\\/\"]}]},{\"@type\":\"BreadcrumbList\",\"@id\":\"https:\\\/\\\/www.bedandbreakfastdeschoppe.nl\\\/de\\\/umgebung\\\/radfahren\\\/#breadcrumb\",\"itemListElement\":[{\"@type\":\"ListItem\",\"position\":1,\"name\":\"Home\",\"item\":\"https:\\\/\\\/www.bedandbreakfastdeschoppe.nl\\\/de\\\/\"},{\"@type\":\"ListItem\",\"position\":2,\"name\":\"Umgebung\",\"item\":\"https:\\\/\\\/www.bedandbreakfastdeschoppe.nl\\\/de\\\/umgebung\\\/\"},{\"@type\":\"ListItem\",\"position\":3,\"name\":\"Radfahren\"}]},{\"@type\":\"WebSite\",\"@id\":\"https:\\\/\\\/www.bedandbreakfastdeschoppe.nl\\\/#website\",\"url\":\"https:\\\/\\\/www.bedandbreakfastdeschoppe.nl\\\/\",\"name\":\"Bed &amp; Breakfast de Schoppe\",\"description\":\"\",\"potentialAction\":[{\"@type\":\"SearchAction\",\"target\":{\"@type\":\"EntryPoint\",\"urlTemplate\":\"https:\\\/\\\/www.bedandbreakfastdeschoppe.nl\\\/?s={search_term_string}\"},\"query-input\":{\"@type\":\"PropertyValueSpecification\",\"valueRequired\":true,\"valueName\":\"search_term_string\"}}],\"inLanguage\":\"de\"}]}<\/script>\n<!-- \/ Yoast SEO plugin. -->","yoast_head_json":{"title":"Radfahren - Bed &amp; Breakfast de Schoppe","robots":{"index":"index","follow":"follow","max-snippet":"max-snippet:-1","max-image-preview":"max-image-preview:large","max-video-preview":"max-video-preview:-1"},"canonical":"https:\/\/www.bedandbreakfastdeschoppe.nl\/de\/umgebung\/radfahren\/","og_locale":"de_DE","og_type":"article","og_title":"Radfahren - Bed &amp; Breakfast de Schoppe","og_description":"Grenzenlos Radfahren Die Flamingostrecke geht in Deutschland \u00fcber das Fahrradnetzwerk NRW und in den Niederlanden \u00fcber das Knotenpunktsystem. Diese Fahrradnetzwerke sind in beiden Fahrrichtungen mit Wegweisern ausgeschildert. Im M\u00fcnsterland zeigen Schilder mit den roten Pfeilen die Richtung bis zur n\u00e4chsten Kreuzung. Dort gibt es Wegweiser, die die Richtung und der Abstand bis zum n\u00e4chsten Ziel [&hellip;]","og_url":"https:\/\/www.bedandbreakfastdeschoppe.nl\/de\/umgebung\/radfahren\/","og_site_name":"Bed &amp; Breakfast de Schoppe","article_modified_time":"2019-05-22T08:16:25+00:00","twitter_card":"summary_large_image","twitter_misc":{"Gesch\u00e4tzte Lesezeit":"3\u00a0Minuten"},"schema":{"@context":"https:\/\/schema.org","@graph":[{"@type":"WebPage","@id":"https:\/\/www.bedandbreakfastdeschoppe.nl\/de\/umgebung\/radfahren\/","url":"https:\/\/www.bedandbreakfastdeschoppe.nl\/de\/umgebung\/radfahren\/","name":"Radfahren - Bed &amp; Breakfast de Schoppe","isPartOf":{"@id":"https:\/\/www.bedandbreakfastdeschoppe.nl\/#website"},"datePublished":"2019-05-22T08:16:24+00:00","dateModified":"2019-05-22T08:16:25+00:00","breadcrumb":{"@id":"https:\/\/www.bedandbreakfastdeschoppe.nl\/de\/umgebung\/radfahren\/#breadcrumb"},"inLanguage":"de","potentialAction":[{"@type":"ReadAction","target":["https:\/\/www.bedandbreakfastdeschoppe.nl\/de\/umgebung\/radfahren\/"]}]},{"@type":"BreadcrumbList","@id":"https:\/\/www.bedandbreakfastdeschoppe.nl\/de\/umgebung\/radfahren\/#breadcrumb","itemListElement":[{"@type":"ListItem","position":1,"name":"Home","item":"https:\/\/www.bedandbreakfastdeschoppe.nl\/de\/"},{"@type":"ListItem","position":2,"name":"Umgebung","item":"https:\/\/www.bedandbreakfastdeschoppe.nl\/de\/umgebung\/"},{"@type":"ListItem","position":3,"name":"Radfahren"}]},{"@type":"WebSite","@id":"https:\/\/www.bedandbreakfastdeschoppe.nl\/#website","url":"https:\/\/www.bedandbreakfastdeschoppe.nl\/","name":"Bed &amp; Breakfast de Schoppe","description":"","potentialAction":[{"@type":"SearchAction","target":{"@type":"EntryPoint","urlTemplate":"https:\/\/www.bedandbreakfastdeschoppe.nl\/?s={search_term_string}"},"query-input":{"@type":"PropertyValueSpecification","valueRequired":true,"valueName":"search_term_string"}}],"inLanguage":"de"}]}},"_links":{"self":[{"href":"https:\/\/www.bedandbreakfastdeschoppe.nl\/de\/wp-json\/wp\/v2\/pages\/1449","targetHints":{"allow":["GET"]}}],"collection":[{"href":"https:\/\/www.bedandbreakfastdeschoppe.nl\/de\/wp-json\/wp\/v2\/pages"}],"about":[{"href":"https:\/\/www.bedandbreakfastdeschoppe.nl\/de\/wp-json\/wp\/v2\/types\/page"}],"author":[{"embeddable":true,"href":"https:\/\/www.bedandbreakfastdeschoppe.nl\/de\/wp-json\/wp\/v2\/users\/101011"}],"replies":[{"embeddable":true,"href":"https:\/\/www.bedandbreakfastdeschoppe.nl\/de\/wp-json\/wp\/v2\/comments?post=1449"}],"version-history":[{"count":1,"href":"https:\/\/www.bedandbreakfastdeschoppe.nl\/de\/wp-json\/wp\/v2\/pages\/1449\/revisions"}],"predecessor-version":[{"id":1450,"href":"https:\/\/www.bedandbreakfastdeschoppe.nl\/de\/wp-json\/wp\/v2\/pages\/1449\/revisions\/1450"}],"up":[{"embeddable":true,"href":"https:\/\/www.bedandbreakfastdeschoppe.nl\/de\/wp-json\/wp\/v2\/pages\/1435"}],"wp:attachment":[{"href":"https:\/\/www.bedandbreakfastdeschoppe.nl\/de\/wp-json\/wp\/v2\/media?parent=1449"}],"curies":[{"name":"wp","href":"https:\/\/api.w.org\/{rel}","templated":true}]}}