{"id":1446,"date":"2019-05-22T10:14:09","date_gmt":"2019-05-22T08:14:09","guid":{"rendered":"https:\/\/www.bedandbreakfastdeschoppe.nl\/umgebung\/wandern\/"},"modified":"2019-05-22T10:14:11","modified_gmt":"2019-05-22T08:14:11","slug":"wandern","status":"publish","type":"page","link":"https:\/\/www.bedandbreakfastdeschoppe.nl\/de\/umgebung\/wandern\/","title":{"rendered":"Wandern"},"content":{"rendered":"<p>[et_pb_section fb_built=&#8220;1&#8243; background_color=&#8220;#1b393d&#8220; fullwidth=&#8220;on&#8220; _builder_version=&#8220;3.0.105&#8243;][et_pb_fullwidth_post_title meta=&#8220;off&#8220; featured_image=&#8220;off&#8220; _builder_version=&#8220;3.0.105&#8243;][\/et_pb_fullwidth_post_title][\/et_pb_section][et_pb_section fb_built=&#8220;1&#8243; _builder_version=&#8220;3.0.105&#8243; custom_padding=&#8220;40px|0px|0px|0px&#8220;][et_pb_row custom_padding=&#8220;0px|0px|15px|0px&#8220; _builder_version=&#8220;3.0.105&#8243;][et_pb_column type=&#8220;2_3&#8243; _builder_version=&#8220;3.0.105&#8243; parallax=&#8220;off&#8220; parallax_method=&#8220;on&#8220;][et_pb_text _builder_version=&#8220;3.0.105&#8243; inline_fonts=&#8220;Clicker Script&#8220;]<strong>Flamingos im Venn<\/strong><\/p>\n<p>Zwillbrock ist ein Dorf mit 250 Einwohnern und liegt an der Grenze mit den Niederlanden, nicht weit von dem St\u00e4dtchen Groenlo in der Achterhoek. F\u00fcr die meisten Leute gibt es zwei Gr\u00fcnde Zwillbrock zu besuchen: die alte Barokkirche und das Naturschutzgebiet Zwillbrocker Venn. Wo das Zwillbrocker Venn anf\u00e4ngt h\u00f6rt der Asphalt auf. Nur Wanderer und Radfahrer sind willkommen. F\u00fcr eine Wanderung durch das Venn ist eine sechs Kilometer lange Wanderstrecke gemacht. Schon schnell geht der Weg nach links, w\u00e4hrend ich immer deutlicher das Kreischen der M\u00f6wen h\u00f6re. Das ist \u00fcberhaupt nicht fremd, denn kurze Zeit sp\u00e4ter habe ich den Teich erreicht, wo eine umfangreiche M\u00f6wenkolonie wohnt. Die offizielle Sch\u00e4tzung geht aus von 15.000 von diesen V\u00f6geln.<\/p>\n<p>Nach einer Wanderung von einem Kilometer erreiche ich den S\u00fcdrand des Naturgebietes und damit auch die Grenze mit den Niederlanden. Die Wanderung geht weiter \u00fcber einen schmalen und rechten Wanderweg, der genau die Grenze folgt.<\/p>\n<p>Der Kontrast ist gro\u00df. Links sieht man das robuste deutsche Venngebiet, rechts die gem\u00e4hten Wiesen und in Reihen bepflanzte \u00c4cker in den Niederlanden.<\/p>\n<p>Bei einer H\u00fctte geht die Strecke weiter in das Venn. Der Weg schl\u00e4ngelt sich zwischen die k\u00e4rgliche Vegetation hindurch. Die Aussicht \u00fcber das Zwillbrocker Venn ist hier eindrucksvoll. In diesem robusten Gebiet kann die Natur sich austoben. Ich bin schon fast wieder am Ende der Wanderung, wenn ich die zweite Vogelobservationsh\u00fctte betrete. Und jetzt kann ich selber sehen, dass im Zwillbrocker Venn auch Flamingos wohnen. Vor einigen Jahrzehnten haben sich etwa vierzig von diesen zierlichen V\u00f6geln niedergelassen. Vom M\u00e4rz bist zum Juni kann man sie hier sehen. Seitdem ist Zwillbrock das n\u00f6rdlichste Brutgebiet der Flamingos in Europa.[\/et_pb_text][\/et_pb_column][et_pb_column type=&#8220;1_3&#8243; _builder_version=&#8220;3.0.105&#8243; parallax=&#8220;off&#8220; parallax_method=&#8220;on&#8220;][et_pb_image src=&#8220;https:\/\/www.bedandbreakfastdeschoppe.nl\/wp-content\/uploads\/2018\/03\/16831169_413628485638784_1128510055728214913_n.jpg&#8220; url=&#8220;http:\/\/wandelbeeld.nl\/wandelen-oost-gelre\/wandelroute-zwillbrocker-venn\/&#8220; url_new_window=&#8220;on&#8220; _builder_version=&#8220;3.0.105&#8243;][\/et_pb_image][et_pb_image src=&#8220;https:\/\/www.bedandbreakfastdeschoppe.nl\/wp-content\/uploads\/2018\/03\/DSC_5311-e1520600859474.jpg&#8220; url=&#8220;http:\/\/wandelbeeld.nl\/wandelen-oost-gelre\/wandelroute-zwillbrocker-venn\/&#8220; url_new_window=&#8220;on&#8220; _builder_version=&#8220;3.0.105&#8243;][\/et_pb_image][\/et_pb_column][\/et_pb_row][et_pb_row _builder_version=&#8220;3.0.105&#8243;][et_pb_column type=&#8220;4_4&#8243; _builder_version=&#8220;3.0.105&#8243; parallax=&#8220;off&#8220; parallax_method=&#8220;on&#8220;][et_pb_button button_url=&#8220;https:\/\/wandelbeeld.nl\/wandelen-winterswijk\/&#8220; url_new_window=&#8220;on&#8220; button_text=&#8220;Meer wandelroutes&#8220; background_layout=&#8220;dark&#8220; _builder_version=&#8220;3.0.105&#8243;][\/et_pb_button][\/et_pb_column][\/et_pb_row][et_pb_row _builder_version=&#8220;3.0.105&#8243;][et_pb_column type=&#8220;4_4&#8243; _builder_version=&#8220;3.0.105&#8243; parallax=&#8220;off&#8220; parallax_method=&#8220;on&#8220;][et_pb_button button_url=&#8220;https:\/\/www.100procentwinterswijk.nl\/zien-doen\/wandelen\/wandeltochten-in-winterswijk&#8220; url_new_window=&#8220;on&#8220; button_text=&#8220;Leuke wandeltochten&#8220; _builder_version=&#8220;3.0.105&#8243;][\/et_pb_button][\/et_pb_column][\/et_pb_row][et_pb_row _builder_version=&#8220;3.0.105&#8243;][et_pb_column type=&#8220;4_4&#8243; _builder_version=&#8220;3.0.105&#8243; parallax=&#8220;off&#8220; parallax_method=&#8220;on&#8220;][et_pb_gallery gallery_ids=&#8220;619,620,635,621,628,630,626,636,625,633,634,623,647,656,657,681,676,622,631,618,616,674,629,651&#8243; gallery_captions=&#8220;,,,,,,,,,,,,,,,,,,,,,,,&#8220; posts_number=&#8220;99&#8243; show_title_and_caption=&#8220;off&#8220; _builder_version=&#8220;3.0.105&#8243;][\/et_pb_gallery][\/et_pb_column][\/et_pb_row][\/et_pb_section][et_pb_section fb_built=&#8220;1&#8243; background_color=&#8220;rgba(0,35,38,0.9)&#8220; _builder_version=&#8220;3.0.105&#8243; custom_padding=&#8220;30px|0px|60px|0px&#8220;][\/et_pb_section][et_pb_section fb_built=&#8220;1&#8243; background_color=&#8220;rgba(0,0,0,0.05)&#8220; _builder_version=&#8220;3.0.105&#8243; background_image=&#8220;https:\/\/www.bedandbreakfastdeschoppe.nl\/wp-content\/uploads\/2018\/02\/contentachtergrond.jpg&#8220; custom_padding=&#8220;47px|0px|30px|0px&#8220; global_module=&#8220;714&#8243; saved_tabs=&#8220;all&#8220;][et_pb_row custom_padding=&#8220;0px|0px|15px|0px&#8220; _builder_version=&#8220;3.0.105&#8243;][et_pb_column type=&#8220;1_3&#8243; _builder_version=&#8220;3.0.47&#8243; parallax=&#8220;off&#8220; parallax_method=&#8220;on&#8220;][et_pb_image src=&#8220;https:\/\/www.bedandbreakfastdeschoppe.nl\/wp-content\/uploads\/2018\/02\/logo.png&#8220; _builder_version=&#8220;3.0.105&#8243;][\/et_pb_image][\/et_pb_column][et_pb_column type=&#8220;1_3&#8243; _builder_version=&#8220;3.0.47&#8243; parallax=&#8220;off&#8220; parallax_method=&#8220;on&#8220;][et_pb_text _builder_version=&#8220;3.0.105&#8243;]<\/p>\n<p class=\"font_7\"><span class=\"color_13\">VISIT US<\/span><\/p>\n<p class=\"font_8\"><span class=\"color_13\">Zwilbroekseweg 7<\/span><\/p>\n<p class=\"font_8\"><span class=\"color_13\">7104BS Meddo<\/span><\/p>\n<p>[\/et_pb_text][\/et_pb_column][et_pb_column type=&#8220;1_3&#8243; _builder_version=&#8220;3.0.47&#8243; parallax=&#8220;off&#8220; parallax_method=&#8220;on&#8220;][et_pb_text _builder_version=&#8220;3.0.105&#8243;]<\/p>\n<p>STAY CONNECTED<\/p>\n<p>[\/et_pb_text][et_pb_social_media_follow _builder_version=&#8220;3.0.105&#8243;][et_pb_social_media_follow_network social_network=&#8220;facebook&#8220; url=&#8220;https:\/\/www.facebook.com\/bbdeschoppe\/&#8220; _builder_version=&#8220;3.0.105&#8243; background_color=&#8220;#3b5998&#8243; background_image=&#8220;https:\/\/www.bedandbreakfastdeschoppe.nl\/wp-content\/uploads\/2018\/03\/16831169_413628485638784_1128510055728214913_n.jpg&#8220; follow_button=&#8220;off&#8220; url_new_window=&#8220;on&#8220;]facebook[\/et_pb_social_media_follow_network][et_pb_social_media_follow_network social_network=&#8220;instagram&#8220; url=&#8220;https:\/\/www.instagram.com\/bbdeschoppe\/&#8220; _builder_version=&#8220;3.0.105&#8243; background_color=&#8220;#6bbc23&#8243; use_background_color_gradient=&#8220;on&#8220; background_image=&#8220;https:\/\/www.bedandbreakfastdeschoppe.nl\/wp-content\/uploads\/2018\/03\/16831169_413628485638784_1128510055728214913_n.jpg&#8220; follow_button=&#8220;off&#8220; url_new_window=&#8220;on&#8220;]instagram[\/et_pb_social_media_follow_network][\/et_pb_social_media_follow][\/et_pb_column][\/et_pb_row][\/et_pb_section]<\/p>\n","protected":false},"excerpt":{"rendered":"<p>Flamingos im Venn Zwillbrock ist ein Dorf mit 250 Einwohnern und liegt an der Grenze mit den Niederlanden, nicht weit von dem St\u00e4dtchen Groenlo in der Achterhoek. F\u00fcr die meisten Leute gibt es zwei Gr\u00fcnde Zwillbrock zu besuchen: die alte Barokkirche und das Naturschutzgebiet Zwillbrocker Venn. Wo das Zwillbrocker Venn anf\u00e4ngt h\u00f6rt der Asphalt auf. [&hellip;]<\/p>\n","protected":false},"author":101011,"featured_media":0,"parent":1435,"menu_order":0,"comment_status":"closed","ping_status":"closed","template":"","meta":{"_acf_changed":false,"_et_pb_use_builder":"on","_et_pb_old_content":"","_et_gb_content_width":"","inline_featured_image":false,"footnotes":""},"class_list":["post-1446","page","type-page","status-publish","hentry"],"acf":[],"yoast_head":"<!-- This site is optimized with the Yoast SEO plugin v27.5 - https:\/\/yoast.com\/product\/yoast-seo-wordpress\/ -->\n<title>Wandern - Bed &amp; Breakfast de Schoppe<\/title>\n<meta name=\"robots\" content=\"index, follow, max-snippet:-1, max-image-preview:large, max-video-preview:-1\" \/>\n<link rel=\"canonical\" href=\"https:\/\/www.bedandbreakfastdeschoppe.nl\/de\/umgebung\/wandern\/\" \/>\n<meta property=\"og:locale\" content=\"de_DE\" \/>\n<meta property=\"og:type\" content=\"article\" \/>\n<meta property=\"og:title\" content=\"Wandern - Bed &amp; Breakfast de Schoppe\" \/>\n<meta property=\"og:description\" content=\"Flamingos im Venn Zwillbrock ist ein Dorf mit 250 Einwohnern und liegt an der Grenze mit den Niederlanden, nicht weit von dem St\u00e4dtchen Groenlo in der Achterhoek. F\u00fcr die meisten Leute gibt es zwei Gr\u00fcnde Zwillbrock zu besuchen: die alte Barokkirche und das Naturschutzgebiet Zwillbrocker Venn. Wo das Zwillbrocker Venn anf\u00e4ngt h\u00f6rt der Asphalt auf. [&hellip;]\" \/>\n<meta property=\"og:url\" content=\"https:\/\/www.bedandbreakfastdeschoppe.nl\/de\/umgebung\/wandern\/\" \/>\n<meta property=\"og:site_name\" content=\"Bed &amp; Breakfast de Schoppe\" \/>\n<meta property=\"article:modified_time\" content=\"2019-05-22T08:14:11+00:00\" \/>\n<meta name=\"twitter:card\" content=\"summary_large_image\" \/>\n<meta name=\"twitter:label1\" content=\"Gesch\u00e4tzte Lesezeit\" \/>\n\t<meta name=\"twitter:data1\" content=\"4\u00a0Minuten\" \/>\n<script type=\"application\/ld+json\" class=\"yoast-schema-graph\">{\"@context\":\"https:\\\/\\\/schema.org\",\"@graph\":[{\"@type\":\"WebPage\",\"@id\":\"https:\\\/\\\/www.bedandbreakfastdeschoppe.nl\\\/de\\\/umgebung\\\/wandern\\\/\",\"url\":\"https:\\\/\\\/www.bedandbreakfastdeschoppe.nl\\\/de\\\/umgebung\\\/wandern\\\/\",\"name\":\"Wandern - Bed &amp; Breakfast de Schoppe\",\"isPartOf\":{\"@id\":\"https:\\\/\\\/www.bedandbreakfastdeschoppe.nl\\\/#website\"},\"datePublished\":\"2019-05-22T08:14:09+00:00\",\"dateModified\":\"2019-05-22T08:14:11+00:00\",\"breadcrumb\":{\"@id\":\"https:\\\/\\\/www.bedandbreakfastdeschoppe.nl\\\/de\\\/umgebung\\\/wandern\\\/#breadcrumb\"},\"inLanguage\":\"de\",\"potentialAction\":[{\"@type\":\"ReadAction\",\"target\":[\"https:\\\/\\\/www.bedandbreakfastdeschoppe.nl\\\/de\\\/umgebung\\\/wandern\\\/\"]}]},{\"@type\":\"BreadcrumbList\",\"@id\":\"https:\\\/\\\/www.bedandbreakfastdeschoppe.nl\\\/de\\\/umgebung\\\/wandern\\\/#breadcrumb\",\"itemListElement\":[{\"@type\":\"ListItem\",\"position\":1,\"name\":\"Home\",\"item\":\"https:\\\/\\\/www.bedandbreakfastdeschoppe.nl\\\/de\\\/\"},{\"@type\":\"ListItem\",\"position\":2,\"name\":\"Umgebung\",\"item\":\"https:\\\/\\\/www.bedandbreakfastdeschoppe.nl\\\/de\\\/umgebung\\\/\"},{\"@type\":\"ListItem\",\"position\":3,\"name\":\"Wandern\"}]},{\"@type\":\"WebSite\",\"@id\":\"https:\\\/\\\/www.bedandbreakfastdeschoppe.nl\\\/#website\",\"url\":\"https:\\\/\\\/www.bedandbreakfastdeschoppe.nl\\\/\",\"name\":\"Bed &amp; Breakfast de Schoppe\",\"description\":\"\",\"potentialAction\":[{\"@type\":\"SearchAction\",\"target\":{\"@type\":\"EntryPoint\",\"urlTemplate\":\"https:\\\/\\\/www.bedandbreakfastdeschoppe.nl\\\/?s={search_term_string}\"},\"query-input\":{\"@type\":\"PropertyValueSpecification\",\"valueRequired\":true,\"valueName\":\"search_term_string\"}}],\"inLanguage\":\"de\"}]}<\/script>\n<!-- \/ Yoast SEO plugin. -->","yoast_head_json":{"title":"Wandern - Bed &amp; Breakfast de Schoppe","robots":{"index":"index","follow":"follow","max-snippet":"max-snippet:-1","max-image-preview":"max-image-preview:large","max-video-preview":"max-video-preview:-1"},"canonical":"https:\/\/www.bedandbreakfastdeschoppe.nl\/de\/umgebung\/wandern\/","og_locale":"de_DE","og_type":"article","og_title":"Wandern - Bed &amp; Breakfast de Schoppe","og_description":"Flamingos im Venn Zwillbrock ist ein Dorf mit 250 Einwohnern und liegt an der Grenze mit den Niederlanden, nicht weit von dem St\u00e4dtchen Groenlo in der Achterhoek. F\u00fcr die meisten Leute gibt es zwei Gr\u00fcnde Zwillbrock zu besuchen: die alte Barokkirche und das Naturschutzgebiet Zwillbrocker Venn. Wo das Zwillbrocker Venn anf\u00e4ngt h\u00f6rt der Asphalt auf. [&hellip;]","og_url":"https:\/\/www.bedandbreakfastdeschoppe.nl\/de\/umgebung\/wandern\/","og_site_name":"Bed &amp; Breakfast de Schoppe","article_modified_time":"2019-05-22T08:14:11+00:00","twitter_card":"summary_large_image","twitter_misc":{"Gesch\u00e4tzte Lesezeit":"4\u00a0Minuten"},"schema":{"@context":"https:\/\/schema.org","@graph":[{"@type":"WebPage","@id":"https:\/\/www.bedandbreakfastdeschoppe.nl\/de\/umgebung\/wandern\/","url":"https:\/\/www.bedandbreakfastdeschoppe.nl\/de\/umgebung\/wandern\/","name":"Wandern - Bed &amp; Breakfast de Schoppe","isPartOf":{"@id":"https:\/\/www.bedandbreakfastdeschoppe.nl\/#website"},"datePublished":"2019-05-22T08:14:09+00:00","dateModified":"2019-05-22T08:14:11+00:00","breadcrumb":{"@id":"https:\/\/www.bedandbreakfastdeschoppe.nl\/de\/umgebung\/wandern\/#breadcrumb"},"inLanguage":"de","potentialAction":[{"@type":"ReadAction","target":["https:\/\/www.bedandbreakfastdeschoppe.nl\/de\/umgebung\/wandern\/"]}]},{"@type":"BreadcrumbList","@id":"https:\/\/www.bedandbreakfastdeschoppe.nl\/de\/umgebung\/wandern\/#breadcrumb","itemListElement":[{"@type":"ListItem","position":1,"name":"Home","item":"https:\/\/www.bedandbreakfastdeschoppe.nl\/de\/"},{"@type":"ListItem","position":2,"name":"Umgebung","item":"https:\/\/www.bedandbreakfastdeschoppe.nl\/de\/umgebung\/"},{"@type":"ListItem","position":3,"name":"Wandern"}]},{"@type":"WebSite","@id":"https:\/\/www.bedandbreakfastdeschoppe.nl\/#website","url":"https:\/\/www.bedandbreakfastdeschoppe.nl\/","name":"Bed &amp; Breakfast de Schoppe","description":"","potentialAction":[{"@type":"SearchAction","target":{"@type":"EntryPoint","urlTemplate":"https:\/\/www.bedandbreakfastdeschoppe.nl\/?s={search_term_string}"},"query-input":{"@type":"PropertyValueSpecification","valueRequired":true,"valueName":"search_term_string"}}],"inLanguage":"de"}]}},"_links":{"self":[{"href":"https:\/\/www.bedandbreakfastdeschoppe.nl\/de\/wp-json\/wp\/v2\/pages\/1446","targetHints":{"allow":["GET"]}}],"collection":[{"href":"https:\/\/www.bedandbreakfastdeschoppe.nl\/de\/wp-json\/wp\/v2\/pages"}],"about":[{"href":"https:\/\/www.bedandbreakfastdeschoppe.nl\/de\/wp-json\/wp\/v2\/types\/page"}],"author":[{"embeddable":true,"href":"https:\/\/www.bedandbreakfastdeschoppe.nl\/de\/wp-json\/wp\/v2\/users\/101011"}],"replies":[{"embeddable":true,"href":"https:\/\/www.bedandbreakfastdeschoppe.nl\/de\/wp-json\/wp\/v2\/comments?post=1446"}],"version-history":[{"count":1,"href":"https:\/\/www.bedandbreakfastdeschoppe.nl\/de\/wp-json\/wp\/v2\/pages\/1446\/revisions"}],"predecessor-version":[{"id":1447,"href":"https:\/\/www.bedandbreakfastdeschoppe.nl\/de\/wp-json\/wp\/v2\/pages\/1446\/revisions\/1447"}],"up":[{"embeddable":true,"href":"https:\/\/www.bedandbreakfastdeschoppe.nl\/de\/wp-json\/wp\/v2\/pages\/1435"}],"wp:attachment":[{"href":"https:\/\/www.bedandbreakfastdeschoppe.nl\/de\/wp-json\/wp\/v2\/media?parent=1446"}],"curies":[{"name":"wp","href":"https:\/\/api.w.org\/{rel}","templated":true}]}}