{"id":1433,"date":"2019-05-22T09:46:22","date_gmt":"2019-05-22T07:46:22","guid":{"rendered":"https:\/\/www.bedandbreakfastdeschoppe.nl\/uber-uns\/"},"modified":"2019-05-22T10:32:47","modified_gmt":"2019-05-22T08:32:47","slug":"uber-uns","status":"publish","type":"page","link":"https:\/\/www.bedandbreakfastdeschoppe.nl\/de\/uber-uns\/","title":{"rendered":"\u00dcber uns"},"content":{"rendered":"<p>[et_pb_section fb_built=&#8220;1&#8243; fullwidth=&#8220;on&#8220; _builder_version=&#8220;3.22.3&#8243; background_color=&#8220;#1b393d&#8220;][et_pb_fullwidth_post_title meta=&#8220;off&#8220; featured_image=&#8220;off&#8220; _builder_version=&#8220;3.0.105&#8243;]<br \/>\n[\/et_pb_fullwidth_post_title][\/et_pb_section][et_pb_section fb_built=&#8220;1&#8243; _builder_version=&#8220;3.22.3&#8243; custom_padding=&#8220;0px|0px|0px|0px&#8220;][et_pb_row custom_padding=&#8220;40px|0px|15px|0px&#8220; _builder_version=&#8220;3.22.3&#8243; background_size=&#8220;initial&#8220; background_position=&#8220;top_left&#8220; background_repeat=&#8220;repeat&#8220;][et_pb_column type=&#8220;1_2&#8243; _builder_version=&#8220;3.0.47&#8243;][et_pb_text _builder_version=&#8220;3.0.105&#8243; inline_fonts=&#8220;Amita&#8220;]Wir, Erik und Christel trafen uns im Jahre 2014. Erik lebt schon seit 1988 am Zwillbrockerweg, in 2015 ist auch Christel da ans\u00e4ssig geworden. Zusammen haben wir sechs Kinder und wir sind unternehmerische, aktive, f\u00fcrsorgliche und soziale Menschen.<\/p>\n<p>Wir wurden teilweise inspiriert durch das niederl\u00e4ndische Fernsehprogramm \u2018Bed &amp; Breakfast\u2019, die Arbeitslosigkeit von Christel, eine Scheune voller M\u00fcll (ein Dorn im Auge) und Kinder die nicht mehr zu Hause wohnen, wurde die Idee geboren zusammen ein Bed &amp; Breakfast zu beginnen. Erik sorgte dabei f\u00fcr die architektonischen und organisatorischen Aufgaben und Christel f\u00fcr die Details und Verpflegung.<\/p>\n<p>Nach anderthalb Jahren von Pl\u00e4nen machen, Erlaubnis der Gemeinde, bauen, dekorieren und gestalten haben wir am 30. M\u00e4rz 2018 unser Bed &amp; Breakfast \u2018de Schoppe\u2019 ge\u00f6ffnet.<\/p>\n<p>Der Name \u2018Schoppe\u2019 kommt aus dem Dialekt. Es ist ein Dialektwort f\u00fcr Scheune.<\/p>\n<p>Diese Scheune wurde fr\u00fcher benutzt f\u00fcr Tierzucht, die Lagerung von Heu, Stroh, Pferd und Wagen. Dabei war es auch der Arbeitsplatz f\u00fcr den Bauer wo er seine Aufgaben und Wartungsarbeiten machte.<\/p>\n<p>Heutzutage haben wir diese Scheune in ein modernes Bed &amp; Breakfast umgewandelt. \u2018De Schoppe\u2019 ist ausgestattet mit drei Luxusschlafzimmer im Erdgeschoss und einem Studio im ersten Stock. Die authentischen Details der Scheune wie Balkenwerke, ges\u00e4gtes Pfetten Dach, Stallfenster und Stallt\u00fcren wurden behalten.<\/p>\n<p>Die Zimmer sind unterschiedlich in Gr\u00f6\u00dfe variierend von 16 bis 24 m2 Bodenfl\u00e4che. Die drei Zimmer im Erdgeschoss haben alle ein Luxusbadezimmer mit Toilette, Fu\u00dfbodenheizung, Kaffee- und Tee Ausstattung, Sitzecke, WLAN, Fernseher und vor allem einen weiten Blick.<\/p>\n<p>Dar\u00fcber hinaus hat \u2018de Schoppe\u2019 ein gro\u00dfes gem\u00fctliches Wohnzimmer wo das Fr\u00fchst\u00fcck mit regionalen Produkten serviert wird. Dieses Wohnzimmer ist sehr geeignet zum Entspannen oder zum Lesen eines Buches bei dem altmodischen Holzofen. Drau\u00dfen gibt es einige Terrassen, die gemacht wurden f\u00fcr die Erholung und damit man genie\u00dfen kann von der Natur und Sonne. Wir hei\u00dfen euch herzlich Willkommen in unserem Bed &amp; Breakfast und w\u00fcnschen euch einen entspannten und erholsamen Aufenthalt.<\/p>\n<p>Ihre Gastgeber Erik und Christel.<\/p>\n<h4>Seien Sie willkommen!<\/h4>\n<p>[\/et_pb_text][\/et_pb_column][et_pb_column type=&#8220;1_2&#8243; _builder_version=&#8220;3.0.47&#8243;][et_pb_image src=&#8220;https:\/\/www.bedandbreakfastdeschoppe.nl\/wp-content\/uploads\/2019\/03\/APHart_photography_K-99-min-1.jpg&#8220; _builder_version=&#8220;3.19.18&#8243; border_width_all=&#8220;11px&#8220; border_color_all=&#8220;#f9f9f9&#8243; border_style_all=&#8220;double&#8220; box_shadow_style=&#8220;preset1&#8243; max_width=&#8220;95%&#8220; module_alignment=&#8220;right&#8220;]<br \/>\n[\/et_pb_image][et_pb_text _builder_version=&#8220;3.22.7&#8243; inline_fonts=&#8220;Amita&#8220;]\u2018de Schoppe\u2019 inspiriert und entlastet. Sie \u00f6ffnet die Grenze zwischen dem Leben in der Stadt und das Leben im Freien. Es ist eine leicht zug\u00e4ngliche, pers\u00f6nliche und sehr gastfreundliche Basis f\u00fcr eine Leben bereichernde Erfahrung Dank der sch\u00f6nen regionalen Umgebung.<\/p>\n<p>Ruhe und Raum sorgen f\u00fcr eine optimale Entspannung, schaffen ein Gef\u00fchl der Freiheit. \u2018de Schoppe\u2019 steht f\u00fcr Zuverl\u00e4ssigkeit und hat viel Respekt f\u00fcr Mensch, Umwelt und Gesellschaft. \u2018de Schoppe\u2019 ist ein erkennbares und authentisches Bed &amp; Breakfast, die sich in einer sch\u00f6nen Lage befindet direkt am Zwillbrocker Venn und strebt einer Ausstrahlung nach, die gekennzeichnet wird durch einen erkennbaren, zeitgen\u00f6ssischen Innenraum, der passt zu der regionalen Umgebung. Das Erlebnis steht im Mittelpunkt und Qualit\u00e4t erste.\u00a0 Wir sind \u00d6ko-B\u00fcrger, denken und handeln langlebig. Unter anderem durch die Selbsterzeugung von Energie und die Energie, die wir benutzen, ber\u00fccksichtigen wir Mensch, Umwelt und Gesellschaft und investieren wir in eine saubere Zukunft f\u00fcr uns alle.<\/p>\n<h4 style=\"text-align: left;\"><strong>~ <span style=\"font-family: Amita; font-size: large;\">Naturlich<\/span> de Schoppe ~<\/strong><\/h4>\n<p>[\/et_pb_text][\/et_pb_column][\/et_pb_row][\/et_pb_section][et_pb_section fb_built=&#8220;1&#8243; _builder_version=&#8220;3.22.3&#8243; background_color=&#8220;rgba(0,35,38,0.9)&#8220; custom_padding=&#8220;60px|0px|30px|0px&#8220;][\/et_pb_section][et_pb_section fb_built=&#8220;1&#8243; _builder_version=&#8220;3.0.105&#8243; background_color=&#8220;rgba(0,0,0,0.05)&#8220; background_image=&#8220;https:\/\/www.bedandbreakfastdeschoppe.nl\/wp-content\/uploads\/2018\/02\/contentachtergrond.jpg&#8220; custom_padding=&#8220;47px|0px|30px|0px&#8220; global_module=&#8220;714&#8243; saved_tabs=&#8220;all&#8220;][et_pb_row custom_padding=&#8220;0px|0px|15px|0px&#8220; _builder_version=&#8220;3.22.3&#8243;][et_pb_column type=&#8220;1_3&#8243; _builder_version=&#8220;3.0.47&#8243;][et_pb_image src=&#8220;https:\/\/www.bedandbreakfastdeschoppe.nl\/wp-content\/uploads\/2018\/02\/logo.png&#8220; _builder_version=&#8220;3.0.105&#8243;][\/et_pb_image][\/et_pb_column][et_pb_column type=&#8220;1_3&#8243; _builder_version=&#8220;3.0.47&#8243;][et_pb_text _builder_version=&#8220;3.0.105&#8243;]<\/p>\n<p class=\"font_7\"><span class=\"color_13\">VISIT US<\/span><\/p>\n<p class=\"font_8\"><span class=\"color_13\">Zwilbroekseweg 7<\/span><\/p>\n<p class=\"font_8\"><span class=\"color_13\">7104BS Meddo<\/span><\/p>\n<p>&nbsp;[\/et_pb_text][\/et_pb_column][et_pb_column type=&#8220;1_3&#8243; _builder_version=&#8220;3.0.47&#8243;][et_pb_text _builder_version=&#8220;3.0.105&#8243;]STAY CONNECTED[\/et_pb_text][et_pb_social_media_follow _builder_version=&#8220;3.0.105&#8243;][et_pb_social_media_follow_network social_network=&#8220;facebook&#8220; url=&#8220;https:\/\/www.facebook.com\/bbdeschoppe\/&#8220; _builder_version=&#8220;3.0.105&#8243; background_color=&#8220;#3b5998&#8243; background_image=&#8220;https:\/\/www.bedandbreakfastdeschoppe.nl\/wp-content\/uploads\/2018\/03\/16831169_413628485638784_1128510055728214913_n.jpg&#8220; follow_button=&#8220;off&#8220; url_new_window=&#8220;on&#8220;]facebook[\/et_pb_social_media_follow_network][et_pb_social_media_follow_network social_network=&#8220;instagram&#8220; url=&#8220;https:\/\/www.instagram.com\/bbdeschoppe\/&#8220; _builder_version=&#8220;3.0.105&#8243; background_color=&#8220;#6bbc23&#8243; use_background_color_gradient=&#8220;on&#8220; background_image=&#8220;https:\/\/www.bedandbreakfastdeschoppe.nl\/wp-content\/uploads\/2018\/03\/16831169_413628485638784_1128510055728214913_n.jpg&#8220; follow_button=&#8220;off&#8220; url_new_window=&#8220;on&#8220;]instagram[\/et_pb_social_media_follow_network][\/et_pb_social_media_follow][\/et_pb_column][\/et_pb_row][\/et_pb_section]<\/p>\n","protected":false},"excerpt":{"rendered":"<p>Wir, Erik und Christel trafen uns im Jahre 2014. Erik lebt schon seit 1988 am Zwillbrockerweg, in 2015 ist auch Christel da ans\u00e4ssig geworden. Zusammen haben wir sechs Kinder und wir sind unternehmerische, aktive, f\u00fcrsorgliche und soziale Menschen. Wir wurden teilweise inspiriert durch das niederl\u00e4ndische Fernsehprogramm \u2018Bed &amp; Breakfast\u2019, die Arbeitslosigkeit von Christel, eine Scheune [&hellip;]<\/p>\n","protected":false},"author":1,"featured_media":0,"parent":0,"menu_order":0,"comment_status":"closed","ping_status":"closed","template":"","meta":{"_acf_changed":false,"_et_pb_use_builder":"on","_et_pb_old_content":"","_et_gb_content_width":"","inline_featured_image":false,"footnotes":""},"class_list":["post-1433","page","type-page","status-publish","hentry"],"acf":[],"yoast_head":"<!-- This site is optimized with the Yoast SEO plugin v27.5 - https:\/\/yoast.com\/product\/yoast-seo-wordpress\/ -->\n<title>\u00dcber uns - Bed &amp; Breakfast de Schoppe<\/title>\n<meta name=\"robots\" content=\"index, follow, max-snippet:-1, max-image-preview:large, max-video-preview:-1\" \/>\n<link rel=\"canonical\" href=\"https:\/\/www.bedandbreakfastdeschoppe.nl\/de\/uber-uns\/\" \/>\n<meta property=\"og:locale\" content=\"de_DE\" \/>\n<meta property=\"og:type\" content=\"article\" \/>\n<meta property=\"og:title\" content=\"\u00dcber uns - Bed &amp; Breakfast de Schoppe\" \/>\n<meta property=\"og:description\" content=\"Wir, Erik und Christel trafen uns im Jahre 2014. Erik lebt schon seit 1988 am Zwillbrockerweg, in 2015 ist auch Christel da ans\u00e4ssig geworden. Zusammen haben wir sechs Kinder und wir sind unternehmerische, aktive, f\u00fcrsorgliche und soziale Menschen. Wir wurden teilweise inspiriert durch das niederl\u00e4ndische Fernsehprogramm \u2018Bed &amp; Breakfast\u2019, die Arbeitslosigkeit von Christel, eine Scheune [&hellip;]\" \/>\n<meta property=\"og:url\" content=\"https:\/\/www.bedandbreakfastdeschoppe.nl\/de\/uber-uns\/\" \/>\n<meta property=\"og:site_name\" content=\"Bed &amp; Breakfast de Schoppe\" \/>\n<meta property=\"article:modified_time\" content=\"2019-05-22T08:32:47+00:00\" \/>\n<meta name=\"twitter:card\" content=\"summary_large_image\" \/>\n<meta name=\"twitter:label1\" content=\"Gesch\u00e4tzte Lesezeit\" \/>\n\t<meta name=\"twitter:data1\" content=\"5\u00a0Minuten\" \/>\n<script type=\"application\/ld+json\" class=\"yoast-schema-graph\">{\"@context\":\"https:\\\/\\\/schema.org\",\"@graph\":[{\"@type\":\"WebPage\",\"@id\":\"https:\\\/\\\/www.bedandbreakfastdeschoppe.nl\\\/de\\\/uber-uns\\\/\",\"url\":\"https:\\\/\\\/www.bedandbreakfastdeschoppe.nl\\\/de\\\/uber-uns\\\/\",\"name\":\"\u00dcber uns - Bed &amp; Breakfast de Schoppe\",\"isPartOf\":{\"@id\":\"https:\\\/\\\/www.bedandbreakfastdeschoppe.nl\\\/#website\"},\"datePublished\":\"2019-05-22T07:46:22+00:00\",\"dateModified\":\"2019-05-22T08:32:47+00:00\",\"breadcrumb\":{\"@id\":\"https:\\\/\\\/www.bedandbreakfastdeschoppe.nl\\\/de\\\/uber-uns\\\/#breadcrumb\"},\"inLanguage\":\"de\",\"potentialAction\":[{\"@type\":\"ReadAction\",\"target\":[\"https:\\\/\\\/www.bedandbreakfastdeschoppe.nl\\\/de\\\/uber-uns\\\/\"]}]},{\"@type\":\"BreadcrumbList\",\"@id\":\"https:\\\/\\\/www.bedandbreakfastdeschoppe.nl\\\/de\\\/uber-uns\\\/#breadcrumb\",\"itemListElement\":[{\"@type\":\"ListItem\",\"position\":1,\"name\":\"Home\",\"item\":\"https:\\\/\\\/www.bedandbreakfastdeschoppe.nl\\\/de\\\/\"},{\"@type\":\"ListItem\",\"position\":2,\"name\":\"\u00dcber uns\"}]},{\"@type\":\"WebSite\",\"@id\":\"https:\\\/\\\/www.bedandbreakfastdeschoppe.nl\\\/#website\",\"url\":\"https:\\\/\\\/www.bedandbreakfastdeschoppe.nl\\\/\",\"name\":\"Bed &amp; Breakfast de Schoppe\",\"description\":\"\",\"potentialAction\":[{\"@type\":\"SearchAction\",\"target\":{\"@type\":\"EntryPoint\",\"urlTemplate\":\"https:\\\/\\\/www.bedandbreakfastdeschoppe.nl\\\/?s={search_term_string}\"},\"query-input\":{\"@type\":\"PropertyValueSpecification\",\"valueRequired\":true,\"valueName\":\"search_term_string\"}}],\"inLanguage\":\"de\"}]}<\/script>\n<!-- \/ Yoast SEO plugin. -->","yoast_head_json":{"title":"\u00dcber uns - Bed &amp; Breakfast de Schoppe","robots":{"index":"index","follow":"follow","max-snippet":"max-snippet:-1","max-image-preview":"max-image-preview:large","max-video-preview":"max-video-preview:-1"},"canonical":"https:\/\/www.bedandbreakfastdeschoppe.nl\/de\/uber-uns\/","og_locale":"de_DE","og_type":"article","og_title":"\u00dcber uns - Bed &amp; Breakfast de Schoppe","og_description":"Wir, Erik und Christel trafen uns im Jahre 2014. Erik lebt schon seit 1988 am Zwillbrockerweg, in 2015 ist auch Christel da ans\u00e4ssig geworden. Zusammen haben wir sechs Kinder und wir sind unternehmerische, aktive, f\u00fcrsorgliche und soziale Menschen. Wir wurden teilweise inspiriert durch das niederl\u00e4ndische Fernsehprogramm \u2018Bed &amp; Breakfast\u2019, die Arbeitslosigkeit von Christel, eine Scheune [&hellip;]","og_url":"https:\/\/www.bedandbreakfastdeschoppe.nl\/de\/uber-uns\/","og_site_name":"Bed &amp; Breakfast de Schoppe","article_modified_time":"2019-05-22T08:32:47+00:00","twitter_card":"summary_large_image","twitter_misc":{"Gesch\u00e4tzte Lesezeit":"5\u00a0Minuten"},"schema":{"@context":"https:\/\/schema.org","@graph":[{"@type":"WebPage","@id":"https:\/\/www.bedandbreakfastdeschoppe.nl\/de\/uber-uns\/","url":"https:\/\/www.bedandbreakfastdeschoppe.nl\/de\/uber-uns\/","name":"\u00dcber uns - Bed &amp; Breakfast de Schoppe","isPartOf":{"@id":"https:\/\/www.bedandbreakfastdeschoppe.nl\/#website"},"datePublished":"2019-05-22T07:46:22+00:00","dateModified":"2019-05-22T08:32:47+00:00","breadcrumb":{"@id":"https:\/\/www.bedandbreakfastdeschoppe.nl\/de\/uber-uns\/#breadcrumb"},"inLanguage":"de","potentialAction":[{"@type":"ReadAction","target":["https:\/\/www.bedandbreakfastdeschoppe.nl\/de\/uber-uns\/"]}]},{"@type":"BreadcrumbList","@id":"https:\/\/www.bedandbreakfastdeschoppe.nl\/de\/uber-uns\/#breadcrumb","itemListElement":[{"@type":"ListItem","position":1,"name":"Home","item":"https:\/\/www.bedandbreakfastdeschoppe.nl\/de\/"},{"@type":"ListItem","position":2,"name":"\u00dcber uns"}]},{"@type":"WebSite","@id":"https:\/\/www.bedandbreakfastdeschoppe.nl\/#website","url":"https:\/\/www.bedandbreakfastdeschoppe.nl\/","name":"Bed &amp; Breakfast de Schoppe","description":"","potentialAction":[{"@type":"SearchAction","target":{"@type":"EntryPoint","urlTemplate":"https:\/\/www.bedandbreakfastdeschoppe.nl\/?s={search_term_string}"},"query-input":{"@type":"PropertyValueSpecification","valueRequired":true,"valueName":"search_term_string"}}],"inLanguage":"de"}]}},"_links":{"self":[{"href":"https:\/\/www.bedandbreakfastdeschoppe.nl\/de\/wp-json\/wp\/v2\/pages\/1433","targetHints":{"allow":["GET"]}}],"collection":[{"href":"https:\/\/www.bedandbreakfastdeschoppe.nl\/de\/wp-json\/wp\/v2\/pages"}],"about":[{"href":"https:\/\/www.bedandbreakfastdeschoppe.nl\/de\/wp-json\/wp\/v2\/types\/page"}],"author":[{"embeddable":true,"href":"https:\/\/www.bedandbreakfastdeschoppe.nl\/de\/wp-json\/wp\/v2\/users\/1"}],"replies":[{"embeddable":true,"href":"https:\/\/www.bedandbreakfastdeschoppe.nl\/de\/wp-json\/wp\/v2\/comments?post=1433"}],"version-history":[{"count":2,"href":"https:\/\/www.bedandbreakfastdeschoppe.nl\/de\/wp-json\/wp\/v2\/pages\/1433\/revisions"}],"predecessor-version":[{"id":1486,"href":"https:\/\/www.bedandbreakfastdeschoppe.nl\/de\/wp-json\/wp\/v2\/pages\/1433\/revisions\/1486"}],"wp:attachment":[{"href":"https:\/\/www.bedandbreakfastdeschoppe.nl\/de\/wp-json\/wp\/v2\/media?parent=1433"}],"curies":[{"name":"wp","href":"https:\/\/api.w.org\/{rel}","templated":true}]}}