{"id":1431,"date":"2019-05-22T09:44:19","date_gmt":"2019-05-22T07:44:19","guid":{"rendered":"https:\/\/www.bedandbreakfastdeschoppe.nl\/home\/"},"modified":"2019-05-22T10:04:24","modified_gmt":"2019-05-22T08:04:24","slug":"home","status":"publish","type":"page","link":"https:\/\/www.bedandbreakfastdeschoppe.nl\/de\/","title":{"rendered":"Home"},"content":{"rendered":"<p>[et_pb_section bb_built=&#8220;1&#8243; admin_label=&#8220;section&#8220; background_color=&#8220;#f7f7f7&#8243; inner_shadow=&#8220;on&#8220; fullwidth=&#8220;on&#8220; disabled_on=&#8220;on|on|on&#8220; _builder_version=&#8220;3.0.105&#8243; disabled=&#8220;on&#8220; next_background_color=&#8220;#ffffff&#8220;][et_pb_fullwidth_code admin_label=&#8220;Slider&#8220; _builder_version=&#8220;3.0.47&#8243;][rev_slider alias=&#8220;voorpagina&#8220;][\/rev_slider][\/et_pb_fullwidth_code][\/et_pb_section][et_pb_section bb_built=&#8220;1&#8243; background_color=&#8220;#ffffff&#8220; module_id=&#8220;home1&#8243; _builder_version=&#8220;3.0.105&#8243; background_image=&#8220;https:\/\/www.bedandbreakfastdeschoppe.nl\/wp-content\/uploads\/2018\/02\/slideroverlay.png&#8220; prev_background_color=&#8220;#f7f7f7&#8243; next_background_color=&#8220;#000000&#8243;][et_pb_row _builder_version=&#8220;3.0.47&#8243; background_size=&#8220;initial&#8220; background_position=&#8220;top_left&#8220; background_repeat=&#8220;repeat&#8220;][et_pb_column type=&#8220;4_4&#8243;][\/et_pb_column][\/et_pb_row][\/et_pb_section][et_pb_section bb_built=&#8220;1&#8243; background_color=&#8220;#ffffff&#8220; module_id=&#8220;home2&#8243; _builder_version=&#8220;3.0.105&#8243; background_image=&#8220;https:\/\/www.bedandbreakfastdeschoppe.nl\/wp-content\/uploads\/2018\/02\/contentbg.jpg&#8220; prev_background_color=&#8220;#000000&#8243; next_background_color=&#8220;#000000&#8243;][et_pb_row _builder_version=&#8220;3.0.105&#8243; background_size=&#8220;initial&#8220; background_position=&#8220;top_left&#8220; background_repeat=&#8220;repeat&#8220;][et_pb_column type=&#8220;1_2&#8243;][et_pb_image src=&#8220;https:\/\/bedandbreakfastdeschoppe.nl\/wp-content\/uploads\/2018\/02\/afbeelding.png&#8220; module_class=&#8220;homeafbeelding1&#8243; _builder_version=&#8220;3.0.105&#8243; show_in_lightbox=&#8220;off&#8220; url_new_window=&#8220;off&#8220; use_overlay=&#8220;off&#8220; always_center_on_mobile=&#8220;on&#8220; force_fullwidth=&#8220;off&#8220; show_bottom_space=&#8220;on&#8220; \/][\/et_pb_column][et_pb_column type=&#8220;1_2&#8243;][et_pb_text _builder_version=&#8220;3.0.105&#8243;]<\/p>\n<h2>Willkommen bei \u2018de Schoppe\u2019<\/h2>\n<p>Bed &amp; Breakfast \u2018de Schoppe\u2019 liegt in der sch\u00f6nen Kulissenlandschaft in der Umgebung von Winterswijk. Es liegt am Rande des Dorfes Meddo, etwa 300 Meter entfernt von der deutschen Grenze. Es liegt in der N\u00e4he vom sch\u00f6nen deutschen Naturschutzgebiet Zwillbrocker Venn. Da sieht man j\u00e4hrlich nicht nur viele Flamingos, sondern auch viele Wiesenv\u00f6gel, G\u00e4nse, Kiebitze und Rotschenkel kann man hier in der Gegend sehen. Eine Augenweide!<\/p>\n<p>Das Gebiet wird gekennzeichnet durch sch\u00f6ne Rad- und Wanderwege. Man radelt oder wandert einfach \u00fcber die Grenze, die man erkennt durch einen Grenzstein.<\/p>\n<p>\u2018De Schoppe\u2019 liegt im Zentrum von den in der N\u00e4he liegenden Niederl\u00e4ndischen D\u00f6rfern und St\u00e4dten Winterswijk, Groenlo, Eibergen und Bredevoort und Vreden, eine deutsche Stadt im westlichen M\u00fcnsterland. All diese St\u00e4dte und D\u00f6rfer liegen nur etwa zehn Kilometer von \u2018de Schoppe\u2019 entfernt.<\/p>\n<p>[\/et_pb_text][et_pb_button button_url=&#8220;https:\/\/www.bedandbreakfastdeschoppe.nl\/de\/zimmer\/&#8220; button_text=&#8220;Sehen Sie sich die Zimmer an&#8220; _builder_version=&#8220;3.0.105&#8243; \/][\/et_pb_column][\/et_pb_row][\/et_pb_section][et_pb_section bb_built=&#8220;1&#8243; background_color=&#8220;#ffffff&#8220; module_id=&#8220;home3&#8243; _builder_version=&#8220;3.0.105&#8243; background_image=&#8220;https:\/\/www.bedandbreakfastdeschoppe.nl\/wp-content\/uploads\/2018\/02\/home.jpg&#8220; prev_background_color=&#8220;#000000&#8243; next_background_color=&#8220;rgba(0,0,0,0.05)&#8220;][et_pb_row _builder_version=&#8220;3.0.47&#8243; background_size=&#8220;initial&#8220; background_position=&#8220;top_left&#8220; background_repeat=&#8220;repeat&#8220;][et_pb_column type=&#8220;1_2&#8243;][et_pb_text background_layout=&#8220;dark&#8220; _builder_version=&#8220;3.0.105&#8243;]<\/p>\n<h2>Die Umgebung<\/h2>\n<p>Bed &amp; Breakfast \u2018de Schoppe\u2019 steht auf dem Grundst\u00fcck des Kultivierungsbauernhofes, das aus den drei\u00dfiger Jahren der Krise stammt. Der Name des Bauernhofes ist \u2018Veenhuis\u2018. Bevor 1930 war das Gebiet ein Sumpf, das auch wohl das \u2018Meddose Feld\u2018 genannt wurde. In den drei\u00dfiger Jahren wurde es von Arbeitskr\u00e4ften kultiviert f\u00fcr den Ackerbau, wodurch die Lebensfreundlichkeit in Gang gekommen ist.<\/p>\n<p>Auf dem deutschen Staatsgebiet, 300 Meter weiter, ist die Natur intakt geblieben und hat es einen gesch\u00fctzten Status bekommen. Es ist jetzt ein Naturschutzgebiet. Auch kann man noch Elemente aus der Eiszeit sehen durch die abh\u00e4ngige Landschaft.<\/p>\n<p>Speziell sind die Flamingos, die j\u00e4hrlich zur\u00fcckkehren nach dem Zwillbrocker Venn. Es ist einen Anreiz f\u00fcr dieses Gebiet und ihre Umgebung.<\/p>\n<p>Im Umkreis von zehn Kilometern von \u2018de Schoppe\u2019 gibt es eine Vielfalt von nat\u00fcrlicher Sch\u00f6nheit durch die stark abwechslungsreiche Kulissenlandschaft. Das Gebiet zeichnet sich aus durch ihre vielen Wander- und Fahrradwege. Es ist erw\u00e4hnenswert, dass die Gemeinde Winterswijk sehr bekannt ist wegen ihrer Fahrradwege.<\/p>\n<p>Die Umgebung eignet sich sehr gut f\u00fcr kulturelle Aktivit\u00e4ten und es gibt viele touristische Sehensw\u00fcrdigkeiten. Au\u00dferdem ist Winterswijk bekannt f\u00fcr ihr lebendiges Einkaufszentrum, den Markt am Mittwoch und den gro\u00dfen Markt am Samstag.<\/p>\n<p>Groenlo ist bekannt f\u00fcr ihre Kan\u00e4le und Stadttore. Bredevoort zeichnet sich aus durch die authentischen H\u00e4user und ist bekannt als \u2018B\u00fccherstadt\u2018. Eibergen hat Gondelfahrten und Vreden (D) ist bekannt f\u00fcr ihre sch\u00f6ne Innenstadt mit den gem\u00fctlichen Kneipen und freundlicher Atmosph\u00e4re.<br \/>\nEs gibt weitere Informationen, wenn Sie auf die hinzugef\u00fcgten Links klicken.<\/p>\n<h2 style=\"text-align: left;\">Kurz gesagt, die Achterhoek bietet f\u00fcr jeden etwas.<\/h2>\n<p>[\/et_pb_text][et_pb_button button_url=&#8220;https:\/\/www.bedandbreakfastdeschoppe.nl\/de\/umgebung\/&#8220; button_text=&#8220;Weitere Informationen&#8220; _builder_version=&#8220;3.0.105&#8243; \/][\/et_pb_column][et_pb_column type=&#8220;1_2&#8243;][\/et_pb_column][\/et_pb_row][\/et_pb_section][et_pb_section bb_built=&#8220;1&#8243; background_color=&#8220;rgba(0,0,0,0.05)&#8220; _builder_version=&#8220;3.0.105&#8243; background_image=&#8220;https:\/\/www.bedandbreakfastdeschoppe.nl\/wp-content\/uploads\/2018\/02\/contentachtergrond.jpg&#8220; custom_padding=&#8220;47px|0px|30px|0px&#8220; saved_tabs=&#8220;all&#8220; prev_background_color=&#8220;#ffffff&#8220; global_module=&#8220;714&#8243;][et_pb_row global_parent=&#8220;714&#8243; custom_padding=&#8220;0px|0px|15px|0px&#8220; _builder_version=&#8220;3.0.105&#8243;][et_pb_column type=&#8220;1_3&#8243;][et_pb_image global_parent=&#8220;714&#8243; src=&#8220;https:\/\/www.bedandbreakfastdeschoppe.nl\/wp-content\/uploads\/2018\/02\/logo.png&#8220; _builder_version=&#8220;3.0.105&#8243; show_in_lightbox=&#8220;off&#8220; url_new_window=&#8220;off&#8220; use_overlay=&#8220;off&#8220; always_center_on_mobile=&#8220;on&#8220; force_fullwidth=&#8220;off&#8220; show_bottom_space=&#8220;on&#8220; \/][\/et_pb_column][et_pb_column type=&#8220;1_3&#8243;][et_pb_text global_parent=&#8220;714&#8243; _builder_version=&#8220;3.0.105&#8243;]<\/p>\n<p class=\"font_7\"><span class=\"color_13\">VISIT US<\/span><\/p>\n<p class=\"font_8\"><span class=\"color_13\">Zwilbroekseweg 7<\/span><\/p>\n<p class=\"font_8\"><span class=\"color_13\">7104BS Meddo<\/span><\/p>\n<p>[\/et_pb_text][\/et_pb_column][et_pb_column type=&#8220;1_3&#8243;][et_pb_text global_parent=&#8220;714&#8243; _builder_version=&#8220;3.0.105&#8243;]<\/p>\n<p>STAY CONNECTED<\/p>\n<p>[\/et_pb_text][et_pb_social_media_follow global_parent=&#8220;714&#8243; _builder_version=&#8220;3.0.105&#8243;][et_pb_social_media_follow_network social_network=&#8220;facebook&#8220; url=&#8220;https:\/\/www.facebook.com\/bbdeschoppe\/&#8220; _builder_version=&#8220;3.0.105&#8243; background_color=&#8220;#3b5998&#8243; background_image=&#8220;https:\/\/www.bedandbreakfastdeschoppe.nl\/wp-content\/uploads\/2018\/03\/16831169_413628485638784_1128510055728214913_n.jpg&#8220; follow_button=&#8220;off&#8220; url_new_window=&#8220;on&#8220;]facebook[\/et_pb_social_media_follow_network][et_pb_social_media_follow_network social_network=&#8220;instagram&#8220; url=&#8220;https:\/\/www.instagram.com\/bbdeschoppe\/&#8220; _builder_version=&#8220;3.0.105&#8243; background_color=&#8220;#6bbc23&#8243; use_background_color_gradient=&#8220;on&#8220; background_image=&#8220;https:\/\/www.bedandbreakfastdeschoppe.nl\/wp-content\/uploads\/2018\/03\/16831169_413628485638784_1128510055728214913_n.jpg&#8220; follow_button=&#8220;off&#8220; url_new_window=&#8220;on&#8220;]instagram[\/et_pb_social_media_follow_network][\/et_pb_social_media_follow][\/et_pb_column][\/et_pb_row][\/et_pb_section]<\/p>\n","protected":false},"excerpt":{"rendered":"<p>[rev_slider alias=&#8220;voorpagina&#8220;][\/rev_slider] Willkommen bei \u2018de Schoppe\u2019 Bed &amp; Breakfast \u2018de Schoppe\u2019 liegt in der sch\u00f6nen Kulissenlandschaft in der Umgebung von Winterswijk. Es liegt am Rande des Dorfes Meddo, etwa 300 Meter entfernt von der deutschen Grenze. Es liegt in der N\u00e4he vom sch\u00f6nen deutschen Naturschutzgebiet Zwillbrocker Venn. Da sieht man j\u00e4hrlich nicht nur viele Flamingos, [&hellip;]<\/p>\n","protected":false},"author":1,"featured_media":0,"parent":0,"menu_order":0,"comment_status":"closed","ping_status":"closed","template":"","meta":{"_acf_changed":false,"_et_pb_use_builder":"on","_et_pb_old_content":"","_et_gb_content_width":"","inline_featured_image":false,"footnotes":""},"class_list":["post-1431","page","type-page","status-publish","hentry"],"acf":[],"yoast_head":"<!-- This site is optimized with the Yoast SEO plugin v27.6 - https:\/\/yoast.com\/product\/yoast-seo-wordpress\/ -->\n<title>Home - Bed &amp; Breakfast de Schoppe<\/title>\n<meta name=\"robots\" content=\"index, follow, max-snippet:-1, max-image-preview:large, max-video-preview:-1\" \/>\n<link rel=\"canonical\" href=\"https:\/\/www.bedandbreakfastdeschoppe.nl\/de\/\" \/>\n<meta property=\"og:locale\" content=\"de_DE\" \/>\n<meta property=\"og:type\" content=\"article\" \/>\n<meta property=\"og:title\" content=\"Home - Bed &amp; Breakfast de Schoppe\" \/>\n<meta property=\"og:description\" content=\"[rev_slider alias=&quot;voorpagina&quot;][\/rev_slider] Willkommen bei \u2018de Schoppe\u2019 Bed &amp; Breakfast \u2018de Schoppe\u2019 liegt in der sch\u00f6nen Kulissenlandschaft in der Umgebung von Winterswijk. Es liegt am Rande des Dorfes Meddo, etwa 300 Meter entfernt von der deutschen Grenze. Es liegt in der N\u00e4he vom sch\u00f6nen deutschen Naturschutzgebiet Zwillbrocker Venn. Da sieht man j\u00e4hrlich nicht nur viele Flamingos, [&hellip;]\" \/>\n<meta property=\"og:url\" content=\"https:\/\/www.bedandbreakfastdeschoppe.nl\/de\/\" \/>\n<meta property=\"og:site_name\" content=\"Bed &amp; Breakfast de Schoppe\" \/>\n<meta property=\"article:modified_time\" content=\"2019-05-22T08:04:24+00:00\" \/>\n<meta name=\"twitter:card\" content=\"summary_large_image\" \/>\n<meta name=\"twitter:label1\" content=\"Gesch\u00e4tzte Lesezeit\" \/>\n\t<meta name=\"twitter:data1\" content=\"5\u00a0Minuten\" \/>\n<script type=\"application\/ld+json\" class=\"yoast-schema-graph\">{\"@context\":\"https:\\\/\\\/schema.org\",\"@graph\":[{\"@type\":\"WebPage\",\"@id\":\"https:\\\/\\\/www.bedandbreakfastdeschoppe.nl\\\/de\\\/\",\"url\":\"https:\\\/\\\/www.bedandbreakfastdeschoppe.nl\\\/de\\\/\",\"name\":\"Home - Bed &amp; Breakfast de Schoppe\",\"isPartOf\":{\"@id\":\"https:\\\/\\\/www.bedandbreakfastdeschoppe.nl\\\/#website\"},\"datePublished\":\"2019-05-22T07:44:19+00:00\",\"dateModified\":\"2019-05-22T08:04:24+00:00\",\"breadcrumb\":{\"@id\":\"https:\\\/\\\/www.bedandbreakfastdeschoppe.nl\\\/de\\\/#breadcrumb\"},\"inLanguage\":\"de\",\"potentialAction\":[{\"@type\":\"ReadAction\",\"target\":[\"https:\\\/\\\/www.bedandbreakfastdeschoppe.nl\\\/de\\\/\"]}]},{\"@type\":\"BreadcrumbList\",\"@id\":\"https:\\\/\\\/www.bedandbreakfastdeschoppe.nl\\\/de\\\/#breadcrumb\",\"itemListElement\":[{\"@type\":\"ListItem\",\"position\":1,\"name\":\"Home\",\"item\":\"https:\\\/\\\/www.bedandbreakfastdeschoppe.nl\\\/de\\\/\"},{\"@type\":\"ListItem\",\"position\":2,\"name\":\"Home\"}]},{\"@type\":\"WebSite\",\"@id\":\"https:\\\/\\\/www.bedandbreakfastdeschoppe.nl\\\/#website\",\"url\":\"https:\\\/\\\/www.bedandbreakfastdeschoppe.nl\\\/\",\"name\":\"Bed &amp; Breakfast de Schoppe\",\"description\":\"\",\"potentialAction\":[{\"@type\":\"SearchAction\",\"target\":{\"@type\":\"EntryPoint\",\"urlTemplate\":\"https:\\\/\\\/www.bedandbreakfastdeschoppe.nl\\\/?s={search_term_string}\"},\"query-input\":{\"@type\":\"PropertyValueSpecification\",\"valueRequired\":true,\"valueName\":\"search_term_string\"}}],\"inLanguage\":\"de\"}]}<\/script>\n<!-- \/ Yoast SEO plugin. -->","yoast_head_json":{"title":"Home - Bed &amp; Breakfast de Schoppe","robots":{"index":"index","follow":"follow","max-snippet":"max-snippet:-1","max-image-preview":"max-image-preview:large","max-video-preview":"max-video-preview:-1"},"canonical":"https:\/\/www.bedandbreakfastdeschoppe.nl\/de\/","og_locale":"de_DE","og_type":"article","og_title":"Home - Bed &amp; Breakfast de Schoppe","og_description":"[rev_slider alias=\"voorpagina\"][\/rev_slider] Willkommen bei \u2018de Schoppe\u2019 Bed &amp; Breakfast \u2018de Schoppe\u2019 liegt in der sch\u00f6nen Kulissenlandschaft in der Umgebung von Winterswijk. Es liegt am Rande des Dorfes Meddo, etwa 300 Meter entfernt von der deutschen Grenze. Es liegt in der N\u00e4he vom sch\u00f6nen deutschen Naturschutzgebiet Zwillbrocker Venn. Da sieht man j\u00e4hrlich nicht nur viele Flamingos, [&hellip;]","og_url":"https:\/\/www.bedandbreakfastdeschoppe.nl\/de\/","og_site_name":"Bed &amp; Breakfast de Schoppe","article_modified_time":"2019-05-22T08:04:24+00:00","twitter_card":"summary_large_image","twitter_misc":{"Gesch\u00e4tzte Lesezeit":"5\u00a0Minuten"},"schema":{"@context":"https:\/\/schema.org","@graph":[{"@type":"WebPage","@id":"https:\/\/www.bedandbreakfastdeschoppe.nl\/de\/","url":"https:\/\/www.bedandbreakfastdeschoppe.nl\/de\/","name":"Home - Bed &amp; Breakfast de Schoppe","isPartOf":{"@id":"https:\/\/www.bedandbreakfastdeschoppe.nl\/#website"},"datePublished":"2019-05-22T07:44:19+00:00","dateModified":"2019-05-22T08:04:24+00:00","breadcrumb":{"@id":"https:\/\/www.bedandbreakfastdeschoppe.nl\/de\/#breadcrumb"},"inLanguage":"de","potentialAction":[{"@type":"ReadAction","target":["https:\/\/www.bedandbreakfastdeschoppe.nl\/de\/"]}]},{"@type":"BreadcrumbList","@id":"https:\/\/www.bedandbreakfastdeschoppe.nl\/de\/#breadcrumb","itemListElement":[{"@type":"ListItem","position":1,"name":"Home","item":"https:\/\/www.bedandbreakfastdeschoppe.nl\/de\/"},{"@type":"ListItem","position":2,"name":"Home"}]},{"@type":"WebSite","@id":"https:\/\/www.bedandbreakfastdeschoppe.nl\/#website","url":"https:\/\/www.bedandbreakfastdeschoppe.nl\/","name":"Bed &amp; Breakfast de Schoppe","description":"","potentialAction":[{"@type":"SearchAction","target":{"@type":"EntryPoint","urlTemplate":"https:\/\/www.bedandbreakfastdeschoppe.nl\/?s={search_term_string}"},"query-input":{"@type":"PropertyValueSpecification","valueRequired":true,"valueName":"search_term_string"}}],"inLanguage":"de"}]}},"_links":{"self":[{"href":"https:\/\/www.bedandbreakfastdeschoppe.nl\/de\/wp-json\/wp\/v2\/pages\/1431","targetHints":{"allow":["GET"]}}],"collection":[{"href":"https:\/\/www.bedandbreakfastdeschoppe.nl\/de\/wp-json\/wp\/v2\/pages"}],"about":[{"href":"https:\/\/www.bedandbreakfastdeschoppe.nl\/de\/wp-json\/wp\/v2\/types\/page"}],"author":[{"embeddable":true,"href":"https:\/\/www.bedandbreakfastdeschoppe.nl\/de\/wp-json\/wp\/v2\/users\/1"}],"replies":[{"embeddable":true,"href":"https:\/\/www.bedandbreakfastdeschoppe.nl\/de\/wp-json\/wp\/v2\/comments?post=1431"}],"version-history":[{"count":3,"href":"https:\/\/www.bedandbreakfastdeschoppe.nl\/de\/wp-json\/wp\/v2\/pages\/1431\/revisions"}],"predecessor-version":[{"id":1445,"href":"https:\/\/www.bedandbreakfastdeschoppe.nl\/de\/wp-json\/wp\/v2\/pages\/1431\/revisions\/1445"}],"wp:attachment":[{"href":"https:\/\/www.bedandbreakfastdeschoppe.nl\/de\/wp-json\/wp\/v2\/media?parent=1431"}],"curies":[{"name":"wp","href":"https:\/\/api.w.org\/{rel}","templated":true}]}}